{"id":2972,"date":"2023-02-20T16:12:03","date_gmt":"2023-02-20T15:12:03","guid":{"rendered":"https:\/\/oceantourshondarribia.com\/avis-legal\/"},"modified":"2024-05-19T09:30:28","modified_gmt":"2024-05-19T07:30:28","slug":"avis-legal","status":"publish","type":"page","link":"https:\/\/oceantourshondarribia.com\/fr\/avis-legal\/","title":{"rendered":"Avis l\u00e9gal"},"content":{"rendered":"<p><div class=\"fusion-fullwidth fullwidth-box fusion-builder-row-1 fusion-flex-container has-pattern-background has-mask-background fusion-parallax-none hundred-percent-fullwidth non-hundred-percent-height-scrolling lazyload\" style=\"--awb-border-radius-top-left:0px;--awb-border-radius-top-right:0px;--awb-border-radius-bottom-right:0px;--awb-border-radius-bottom-left:0px;--awb-padding-top:0px;--awb-padding-bottom:0px;--awb-min-height:15vh;--awb-background-size:cover;--awb-flex-wrap:wrap;--awb-filter:saturate(70%);--awb-filter-transition:filter 0.3s ease;--awb-filter-hover:saturate(70%);\" data-bg=\"https:\/\/oceantourshondarribia.com\/wp-content\/uploads\/2024\/04\/Background_sea.jpg\" ><div class=\"fusion-builder-row fusion-row fusion-flex-align-items-flex-start fusion-flex-align-content-center fusion-flex-content-wrap\" style=\"width:104% !important;max-width:104% !important;margin-left: calc(-4% \/ 2 );margin-right: calc(-4% \/ 2 );\"><\/div><\/div><div class=\"fusion-fullwidth fullwidth-box fusion-builder-row-2 fusion-flex-container nonhundred-percent-fullwidth non-hundred-percent-height-scrolling\" style=\"--awb-border-radius-top-left:0px;--awb-border-radius-top-right:0px;--awb-border-radius-bottom-right:0px;--awb-border-radius-bottom-left:0px;--awb-flex-wrap:wrap;\" ><div class=\"fusion-builder-row fusion-row fusion-flex-align-items-flex-start fusion-flex-content-wrap\" style=\"max-width:1248px;margin-left: calc(-4% \/ 2 );margin-right: calc(-4% \/ 2 );\"><div class=\"fusion-layout-column fusion_builder_column fusion-builder-column-0 fusion_builder_column_1_1 1_1 fusion-flex-column\" style=\"--awb-bg-size:cover;--awb-width-large:100%;--awb-margin-top-large:10px;--awb-spacing-right-large:1.92%;--awb-margin-bottom-large:0px;--awb-spacing-left-large:1.92%;--awb-width-medium:100%;--awb-order-medium:0;--awb-spacing-right-medium:1.92%;--awb-spacing-left-medium:1.92%;--awb-width-small:100%;--awb-order-small:0;--awb-spacing-right-small:1.92%;--awb-spacing-left-small:1.92%;\"><div class=\"fusion-column-wrapper fusion-column-has-shadow fusion-flex-justify-content-flex-start fusion-content-layout-column\"><div class=\"fusion-title title fusion-title-1 fusion-sep-none fusion-title-center fusion-title-text fusion-title-size-one\" style=\"--awb-text-color:var(--awb-color3);--awb-font-size:23px;\"><h1 class=\"fusion-title-heading title-heading-center\" style=\"font-family:&quot;Poppins&quot;;font-style:normal;font-weight:500;margin:0;font-size:1em;\">Avis l\u00e9gal<\/h1><\/div><\/div><\/div><div class=\"fusion-layout-column fusion_builder_column fusion-builder-column-1 fusion_builder_column_1_1 1_1 fusion-flex-column\" style=\"--awb-padding-top:15px;--awb-bg-size:cover;--awb-width-large:100%;--awb-margin-top-large:0px;--awb-spacing-right-large:1.92%;--awb-margin-bottom-large:20px;--awb-spacing-left-large:1.92%;--awb-width-medium:100%;--awb-spacing-right-medium:1.92%;--awb-spacing-left-medium:1.92%;--awb-width-small:100%;--awb-spacing-right-small:1.92%;--awb-spacing-left-small:1.92%;\"><div class=\"fusion-column-wrapper fusion-flex-justify-content-flex-start fusion-content-layout-column\"><div class=\"fusion-text fusion-text-1\"><p>Les pr\u00e9sentes Conditions d&rsquo;Utilisation r\u00e9gissent l&rsquo;utilisation du site web oceantourshondarribia.com, propri\u00e9t\u00e9 de Oier Gartzia Agirre y Otra CB (ci-apr\u00e8s d\u00e9nomm\u00e9 \u00ab\u00a0Ocean Tours Hondarribia\u00a0\u00bb) : Katalin Erauso Kalea 18 3\u00baB 20280 Hondarribia, Gipuzkoa, NIF E56924475, t\u00e9l\u00e9phone 623 924 050 et adresse e-mail info@oceantourshondarribia.com.<\/p>\n<p>La navigation sur le site web oceantourshondarribia.com conf\u00e8re la qualit\u00e9 d&rsquo;utilisateur du m\u00eame et implique l&rsquo;acceptation pleine et sans r\u00e9serve des Conditions d&rsquo;Utilisation, que Ocean Tours Hondarribia pourra modifier \u00e0 l&rsquo;avenir.<\/p>\n<p>L&rsquo;utilisateur s&rsquo;engage \u00e0 faire un usage correct du site web conform\u00e9ment aux lois, \u00e0 la bonne foi, \u00e0 l&rsquo;ordre public, aux usages commerciaux et aux pr\u00e9sentes Conditions d&rsquo;Utilisation. L&rsquo;utilisateur sera responsable envers Ocean Tours Hondarribia ou envers des tiers de tout dommage pouvant \u00eatre caus\u00e9 par le non-respect de cette obligation. <\/p>\n<p><b>Exon\u00e9ration de responsabilit\u00e9<\/b><\/p>\n<p>En aucun cas, Ocean Tours Hondarribia ne sera responsable de tout dommage direct ou indirect, \u00e9conomique, perte de client\u00e8le ou perte de b\u00e9n\u00e9fices, r\u00e9sultant de l&rsquo;utilisation de Ocean Tours Hondarribia ou des liens inclus dans ce site web.<\/p>\n<p><b>Copyright<\/b><\/p>\n<p>Le site web oceantourshondarribia.com ou toute partie de celui-ci ne peut \u00eatre reproduit, dupliqu\u00e9, copi\u00e9, vendu, revendu ou exploit\u00e9 \u00e0 des fins commerciales ou autres, sauf autorisation expresse de Ocean Tours Hondarribia.<\/p>\n<p>La modification des mat\u00e9riaux ou leur utilisation \u00e0 des fins autres que la navigation par l&rsquo;utilisateur constitue une violation du droit d&rsquo;auteur et d&rsquo;autres droits de propri\u00e9t\u00e9 intellectuelle.<\/p>\n<p><b>Protection des donn\u00e9es personnelles<\/b><\/p>\n<p>Consulter dans la <a href=\"\/politique-confidentialite\/\"><u>Politique de Confidentialit\u00e9.<\/u><\/a><\/p>\n<p><b>Sur les services et contenus offerts sur le site web oceantourshondarribia.com<\/b><\/p>\n<p>Un service (ou contenu) sur Ocean Tours Hondarribia est un service ou une ressource mise \u00e0 disposition sur Internet par Ocean Tours Hondarribia. Deux types de services existent ou existeront sur oceantourshondarribia.com: <\/p>\n<ul>\n<li>Services informatifs, qui facilitent aux utilisateurs un acc\u00e8s facile et efficace \u00e0 l&rsquo;information et \u00e0 l&rsquo;activit\u00e9 de Ocean Tours Hondarribia.<\/li>\n<li>Formulaire de contact, qui permet d&rsquo;am\u00e9liorer l&rsquo;interaction des utilisateurs pour poser des questions, demander des devis ou des renseignements sur les services et l&rsquo;activit\u00e9 de Ocean Tours Hondarribia.<\/li>\n<\/ul>\n<p><b>Conditions d&rsquo;utilisation<\/b><\/p>\n<ul>\n<li>L&rsquo;utilisation du site web oceantourshondarribia.com est r\u00e9gie par les r\u00e8gles \u00e9tablies dans le pr\u00e9sent avis l\u00e9gal. En l&rsquo;utilisant, vous acceptez les conditions d&rsquo;utilisation. <\/li>\n<li>oceantourshondarribia.com et tout son contenu appartiennent \u00e0 Oier Gartzia Agirre et Otra CB, domicili\u00e9 \u00e0 <span style=\"color: var(--awb-text-color); font-family: var(--awb-text-font-family); font-size: var(--awb-font-size); font-style: var(--awb-text-font-style); font-weight: var(--awb-text-font-weight); letter-spacing: var(--awb-letter-spacing); text-align: var(--awb-content-alignment); text-transform: var(--awb-text-transform); background-color: var(--awb-bg-color);\">atalin Erauso Kalea 18 3\u00baB 20280 Hondarribia, Gipuzkoa <\/span> et \u00e0 <span style=\"color: var(--awb-text-color); font-family: var(--awb-text-font-family); font-size: var(--awb-font-size); font-style: var(--awb-text-font-style); font-weight: var(--awb-text-font-weight); letter-spacing: var(--awb-letter-spacing); text-align: var(--awb-content-alignment); text-transform: var(--awb-text-transform); background-color: var(--awb-bg-color);\"> l&rsquo;adresse e-mail info@oceantourshondarribia.com.<\/span><\/li>\n<li>Le site web oceantourshondarribia.com ou toute partie de celui-ci ne peut \u00eatre reproduit, dupliqu\u00e9, copi\u00e9, vendu, revendu ou exploit\u00e9 \u00e0 des fins commerciales ou autres, sauf autorisation expresse de notre entreprise.<\/li>\n<li>La modification des mat\u00e9riaux ou leur utilisation \u00e0 d&rsquo;autres fins constitue une violation du droit d&rsquo;auteur et d&rsquo;autres droits de propri\u00e9t\u00e9 intellectuelle.<\/li>\n<li>Pour des raisons l\u00e9gales, Ocean Tours Hondarribia peut et doit fournir toutes les informations demand\u00e9es par les autorit\u00e9s comp\u00e9tentes conform\u00e9ment aux lois espagnoles en cas d&rsquo;ordonnance judiciaire pertinente, qui n&rsquo;est donn\u00e9e que lorsqu&rsquo;un juge a de s\u00e9rieuses soup\u00e7ons que l&rsquo;utilisateur a commis des activit\u00e9s ill\u00e9gales. Dans ce cas, et dans le but de collaborer avec la justice, Ocean Tours Hondarribia peut enregistrer et fournir ult\u00e9rieurement \u00e0 la police, apr\u00e8s pr\u00e9sentation de l&rsquo;ordonnance judiciaire l\u00e9galement n\u00e9cessaire, des informations concernant l&rsquo;adresse IP identifiant la connexion de l&rsquo;utilisateur, ainsi que l&rsquo;heure exacte de celle-ci, les noms d&rsquo;utilisateur et les mots de passe, entre autres donn\u00e9es. En tout \u00e9tat de cause, les adresses IP et les heures de connexion ne sont enregistr\u00e9es que pour les services dont il est soup\u00e7onn\u00e9 qu&rsquo;un utilisateur pourrait en faire un usage ill\u00e9gal.  <\/li>\n<\/ul>\n<p><b>Collaboration avec les autorit\u00e9s<br \/><\/b><\/p>\n<p><span style=\"background-color: var(--awb-bg-color-hover); color: var(--awb-text-color); font-family: var(--awb-text-font-family); font-size: var(--awb-font-size); font-style: var(--awb-text-font-style); font-weight: var(--awb-text-font-weight); letter-spacing: var(--awb-letter-spacing); text-align: var(--awb-content-alignment); text-transform: var(--awb-text-transform);\"><br \/><\/span><\/p>\n<p><span style=\"background-color: var(--awb-bg-color-hover); color: var(--awb-text-color); font-family: var(--awb-text-font-family); font-size: var(--awb-font-size); font-style: var(--awb-text-font-style); font-weight: var(--awb-text-font-weight); letter-spacing: var(--awb-letter-spacing); text-align: var(--awb-content-alignment); text-transform: var(--awb-text-transform);\">Pour des raisons l\u00e9gales, Ocean Tours Hondarribia peut et doit fournir toutes les informations demand\u00e9es par les autorit\u00e9s comp\u00e9tentes conform\u00e9ment aux lois espagnoles. Dans ce cas, et dans le but de collaborer avec la justice, Ocean Tours Hondarribia peut enregistrer et fournir ult\u00e9rieurement aux autorit\u00e9s des informations concernant l&rsquo;adresse IP identifiant la connexion de l&rsquo;utilisateur, ainsi que l&rsquo;heure exacte de celle-ci, les noms d&rsquo;utilisateur et les mots de passe, entre autres donn\u00e9es. <\/span><\/p><\/p>\n<\/div><\/div><\/div><\/div><\/div><\/p>\n","protected":false},"excerpt":{"rendered":"","protected":false},"author":1,"featured_media":0,"parent":0,"menu_order":99,"comment_status":"closed","ping_status":"closed","template":"100-width.php","meta":{"footnotes":""},"class_list":["post-2972","page","type-page","status-publish","hentry"],"yoast_head":"<!-- This site is optimized with the Yoast SEO plugin v27.0 - https:\/\/yoast.com\/product\/yoast-seo-wordpress\/ -->\n<title>Avis l\u00e9gal - Ocean Tours Hondarribia<\/title>\n<meta name=\"robots\" content=\"index, follow, max-snippet:-1, max-image-preview:large, max-video-preview:-1\" \/>\n<link rel=\"canonical\" href=\"https:\/\/oceantourshondarribia.com\/fr\/avis-legal\/\" \/>\n<meta property=\"og:locale\" content=\"fr_FR\" \/>\n<meta property=\"og:type\" content=\"article\" \/>\n<meta property=\"og:title\" content=\"Avis l\u00e9gal - Ocean Tours Hondarribia\" \/>\n<meta property=\"og:url\" content=\"https:\/\/oceantourshondarribia.com\/fr\/avis-legal\/\" \/>\n<meta property=\"og:site_name\" content=\"Ocean Tours Hondarribia\" \/>\n<meta property=\"article:publisher\" content=\"https:\/\/www.facebook.com\/profile.php?id=61558781386255\" \/>\n<meta property=\"article:modified_time\" content=\"2024-05-19T07:30:28+00:00\" \/>\n<meta name=\"twitter:card\" content=\"summary_large_image\" \/>\n<meta name=\"twitter:label1\" content=\"Dur\u00e9e de lecture estim\u00e9e\" \/>\n\t<meta name=\"twitter:data1\" content=\"7 minutes\" \/>\n<script type=\"application\/ld+json\" class=\"yoast-schema-graph\">{\"@context\":\"https:\/\/schema.org\",\"@graph\":[{\"@type\":\"WebPage\",\"@id\":\"https:\/\/oceantourshondarribia.com\/fr\/avis-legal\/\",\"url\":\"https:\/\/oceantourshondarribia.com\/fr\/avis-legal\/\",\"name\":\"Avis l\u00e9gal - Ocean Tours Hondarribia\",\"isPartOf\":{\"@id\":\"https:\/\/oceantourshondarribia.com\/#website\"},\"datePublished\":\"2023-02-20T15:12:03+00:00\",\"dateModified\":\"2024-05-19T07:30:28+00:00\",\"breadcrumb\":{\"@id\":\"https:\/\/oceantourshondarribia.com\/fr\/avis-legal\/#breadcrumb\"},\"inLanguage\":\"fr-FR\",\"potentialAction\":[{\"@type\":\"ReadAction\",\"target\":[\"https:\/\/oceantourshondarribia.com\/fr\/avis-legal\/\"]}]},{\"@type\":\"BreadcrumbList\",\"@id\":\"https:\/\/oceantourshondarribia.com\/fr\/avis-legal\/#breadcrumb\",\"itemListElement\":[{\"@type\":\"ListItem\",\"position\":1,\"name\":\"Portada\",\"item\":\"https:\/\/oceantourshondarribia.com\/fr\/\"},{\"@type\":\"ListItem\",\"position\":2,\"name\":\"Avis l\u00e9gal\"}]},{\"@type\":\"WebSite\",\"@id\":\"https:\/\/oceantourshondarribia.com\/#website\",\"url\":\"https:\/\/oceantourshondarribia.com\/\",\"name\":\"Ocean Tours Hondarribia\",\"description\":\"Rutas en barco por la costa vasca\",\"publisher\":{\"@id\":\"https:\/\/oceantourshondarribia.com\/#organization\"},\"potentialAction\":[{\"@type\":\"SearchAction\",\"target\":{\"@type\":\"EntryPoint\",\"urlTemplate\":\"https:\/\/oceantourshondarribia.com\/?s={search_term_string}\"},\"query-input\":{\"@type\":\"PropertyValueSpecification\",\"valueRequired\":true,\"valueName\":\"search_term_string\"}}],\"inLanguage\":\"fr-FR\"},{\"@type\":\"Organization\",\"@id\":\"https:\/\/oceantourshondarribia.com\/#organization\",\"name\":\"Ocean Tours Hondarribia\",\"url\":\"https:\/\/oceantourshondarribia.com\/\",\"logo\":{\"@type\":\"ImageObject\",\"inLanguage\":\"fr-FR\",\"@id\":\"https:\/\/oceantourshondarribia.com\/#\/schema\/logo\/image\/\",\"url\":\"https:\/\/oceantourshondarribia.com\/wp-content\/uploads\/2024\/04\/Logos-Ocean-Tours-Hondarribia-01.png\",\"contentUrl\":\"https:\/\/oceantourshondarribia.com\/wp-content\/uploads\/2024\/04\/Logos-Ocean-Tours-Hondarribia-01.png\",\"width\":3803,\"height\":1396,\"caption\":\"Ocean Tours Hondarribia\"},\"image\":{\"@id\":\"https:\/\/oceantourshondarribia.com\/#\/schema\/logo\/image\/\"},\"sameAs\":[\"https:\/\/www.facebook.com\/profile.php?id=61558781386255\",\"https:\/\/www.instagram.com\/oceantours_hondarribia\/\"]}]}<\/script>\n<!-- \/ Yoast SEO plugin. -->","yoast_head_json":{"title":"Avis l\u00e9gal - Ocean Tours Hondarribia","robots":{"index":"index","follow":"follow","max-snippet":"max-snippet:-1","max-image-preview":"max-image-preview:large","max-video-preview":"max-video-preview:-1"},"canonical":"https:\/\/oceantourshondarribia.com\/fr\/avis-legal\/","og_locale":"fr_FR","og_type":"article","og_title":"Avis l\u00e9gal - Ocean Tours Hondarribia","og_url":"https:\/\/oceantourshondarribia.com\/fr\/avis-legal\/","og_site_name":"Ocean Tours Hondarribia","article_publisher":"https:\/\/www.facebook.com\/profile.php?id=61558781386255","article_modified_time":"2024-05-19T07:30:28+00:00","twitter_card":"summary_large_image","twitter_misc":{"Dur\u00e9e de lecture estim\u00e9e":"7 minutes"},"schema":{"@context":"https:\/\/schema.org","@graph":[{"@type":"WebPage","@id":"https:\/\/oceantourshondarribia.com\/fr\/avis-legal\/","url":"https:\/\/oceantourshondarribia.com\/fr\/avis-legal\/","name":"Avis l\u00e9gal - Ocean Tours Hondarribia","isPartOf":{"@id":"https:\/\/oceantourshondarribia.com\/#website"},"datePublished":"2023-02-20T15:12:03+00:00","dateModified":"2024-05-19T07:30:28+00:00","breadcrumb":{"@id":"https:\/\/oceantourshondarribia.com\/fr\/avis-legal\/#breadcrumb"},"inLanguage":"fr-FR","potentialAction":[{"@type":"ReadAction","target":["https:\/\/oceantourshondarribia.com\/fr\/avis-legal\/"]}]},{"@type":"BreadcrumbList","@id":"https:\/\/oceantourshondarribia.com\/fr\/avis-legal\/#breadcrumb","itemListElement":[{"@type":"ListItem","position":1,"name":"Portada","item":"https:\/\/oceantourshondarribia.com\/fr\/"},{"@type":"ListItem","position":2,"name":"Avis l\u00e9gal"}]},{"@type":"WebSite","@id":"https:\/\/oceantourshondarribia.com\/#website","url":"https:\/\/oceantourshondarribia.com\/","name":"Ocean Tours Hondarribia","description":"Rutas en barco por la costa vasca","publisher":{"@id":"https:\/\/oceantourshondarribia.com\/#organization"},"potentialAction":[{"@type":"SearchAction","target":{"@type":"EntryPoint","urlTemplate":"https:\/\/oceantourshondarribia.com\/?s={search_term_string}"},"query-input":{"@type":"PropertyValueSpecification","valueRequired":true,"valueName":"search_term_string"}}],"inLanguage":"fr-FR"},{"@type":"Organization","@id":"https:\/\/oceantourshondarribia.com\/#organization","name":"Ocean Tours Hondarribia","url":"https:\/\/oceantourshondarribia.com\/","logo":{"@type":"ImageObject","inLanguage":"fr-FR","@id":"https:\/\/oceantourshondarribia.com\/#\/schema\/logo\/image\/","url":"https:\/\/oceantourshondarribia.com\/wp-content\/uploads\/2024\/04\/Logos-Ocean-Tours-Hondarribia-01.png","contentUrl":"https:\/\/oceantourshondarribia.com\/wp-content\/uploads\/2024\/04\/Logos-Ocean-Tours-Hondarribia-01.png","width":3803,"height":1396,"caption":"Ocean Tours Hondarribia"},"image":{"@id":"https:\/\/oceantourshondarribia.com\/#\/schema\/logo\/image\/"},"sameAs":["https:\/\/www.facebook.com\/profile.php?id=61558781386255","https:\/\/www.instagram.com\/oceantours_hondarribia\/"]}]}},"_links":{"self":[{"href":"https:\/\/oceantourshondarribia.com\/fr\/wp-json\/wp\/v2\/pages\/2972","targetHints":{"allow":["GET"]}}],"collection":[{"href":"https:\/\/oceantourshondarribia.com\/fr\/wp-json\/wp\/v2\/pages"}],"about":[{"href":"https:\/\/oceantourshondarribia.com\/fr\/wp-json\/wp\/v2\/types\/page"}],"author":[{"embeddable":true,"href":"https:\/\/oceantourshondarribia.com\/fr\/wp-json\/wp\/v2\/users\/1"}],"replies":[{"embeddable":true,"href":"https:\/\/oceantourshondarribia.com\/fr\/wp-json\/wp\/v2\/comments?post=2972"}],"version-history":[{"count":2,"href":"https:\/\/oceantourshondarribia.com\/fr\/wp-json\/wp\/v2\/pages\/2972\/revisions"}],"predecessor-version":[{"id":2974,"href":"https:\/\/oceantourshondarribia.com\/fr\/wp-json\/wp\/v2\/pages\/2972\/revisions\/2974"}],"wp:attachment":[{"href":"https:\/\/oceantourshondarribia.com\/fr\/wp-json\/wp\/v2\/media?parent=2972"}],"curies":[{"name":"wp","href":"https:\/\/api.w.org\/{rel}","templated":true}]}}