{"id":2975,"date":"2024-04-12T16:21:20","date_gmt":"2024-04-12T14:21:20","guid":{"rendered":"https:\/\/oceantourshondarribia.com\/politique-de-confidentialite\/"},"modified":"2024-05-19T09:38:47","modified_gmt":"2024-05-19T07:38:47","slug":"politique-de-confidentialite","status":"publish","type":"page","link":"https:\/\/oceantourshondarribia.com\/fr\/politique-de-confidentialite\/","title":{"rendered":"Politique de confidentialit\u00e9"},"content":{"rendered":"<p><div class=\"fusion-fullwidth fullwidth-box fusion-builder-row-1 fusion-flex-container has-pattern-background has-mask-background fusion-parallax-none hundred-percent-fullwidth non-hundred-percent-height-scrolling lazyload\" style=\"--awb-border-radius-top-left:0px;--awb-border-radius-top-right:0px;--awb-border-radius-bottom-right:0px;--awb-border-radius-bottom-left:0px;--awb-padding-top:0px;--awb-padding-bottom:0px;--awb-min-height:15vh;--awb-background-size:cover;--awb-flex-wrap:wrap;--awb-filter:saturate(70%);--awb-filter-transition:filter 0.3s ease;--awb-filter-hover:saturate(70%);\" data-bg=\"https:\/\/oceantourshondarribia.com\/wp-content\/uploads\/2024\/04\/Background_sea.jpg\" ><div class=\"fusion-builder-row fusion-row fusion-flex-align-items-flex-start fusion-flex-align-content-center fusion-flex-content-wrap\" style=\"width:104% !important;max-width:104% !important;margin-left: calc(-4% \/ 2 );margin-right: calc(-4% \/ 2 );\"><\/div><\/div><div class=\"fusion-fullwidth fullwidth-box fusion-builder-row-2 fusion-flex-container nonhundred-percent-fullwidth non-hundred-percent-height-scrolling\" style=\"--awb-border-radius-top-left:0px;--awb-border-radius-top-right:0px;--awb-border-radius-bottom-right:0px;--awb-border-radius-bottom-left:0px;--awb-flex-wrap:wrap;\" ><div class=\"fusion-builder-row fusion-row fusion-flex-align-items-flex-start fusion-flex-content-wrap\" style=\"max-width:1248px;margin-left: calc(-4% \/ 2 );margin-right: calc(-4% \/ 2 );\"><div class=\"fusion-layout-column fusion_builder_column fusion-builder-column-0 fusion_builder_column_1_1 1_1 fusion-flex-column\" style=\"--awb-bg-size:cover;--awb-width-large:100%;--awb-margin-top-large:10px;--awb-spacing-right-large:1.92%;--awb-margin-bottom-large:0px;--awb-spacing-left-large:1.92%;--awb-width-medium:100%;--awb-order-medium:0;--awb-spacing-right-medium:1.92%;--awb-spacing-left-medium:1.92%;--awb-width-small:100%;--awb-order-small:0;--awb-spacing-right-small:1.92%;--awb-spacing-left-small:1.92%;\"><div class=\"fusion-column-wrapper fusion-column-has-shadow fusion-flex-justify-content-flex-start fusion-content-layout-column\"><div class=\"fusion-title title fusion-title-1 fusion-sep-none fusion-title-center fusion-title-text fusion-title-size-one\" style=\"--awb-text-color:var(--awb-color3);--awb-font-size:23px;\"><h1 class=\"fusion-title-heading title-heading-center\" style=\"font-family:&quot;Poppins&quot;;font-style:normal;font-weight:500;margin:0;font-size:1em;\">Politique de confidentialit\u00e9<\/h1><\/div><\/div><\/div><div class=\"fusion-layout-column fusion_builder_column fusion-builder-column-1 fusion_builder_column_1_1 1_1 fusion-flex-column\" style=\"--awb-padding-top:15px;--awb-bg-size:cover;--awb-width-large:100%;--awb-margin-top-large:0px;--awb-spacing-right-large:1.92%;--awb-margin-bottom-large:20px;--awb-spacing-left-large:1.92%;--awb-width-medium:100%;--awb-spacing-right-medium:1.92%;--awb-spacing-left-medium:1.92%;--awb-width-small:100%;--awb-spacing-right-small:1.92%;--awb-spacing-left-small:1.92%;\"><div class=\"fusion-column-wrapper fusion-flex-justify-content-flex-start fusion-content-layout-column\"><div class=\"fusion-text fusion-text-1\"><p>Oier Gartzia Agirre y Otra CB (ci-apr\u00e8s \u00ab\u00a0Ocean Tours Hondarribia\u00a0\u00bb), conform\u00e9ment aux exigences l\u00e9gales impos\u00e9es par le R\u00e8glement (UE) 2016\/679 du Parlement europ\u00e9en et du Conseil du 27 avril 2016 relatif \u00e0 la protection des personnes physiques \u00e0 l&rsquo;\u00e9gard du traitement des donn\u00e9es \u00e0 caract\u00e8re personnel et \u00e0 la libre circulation de ces donn\u00e9es, et en particulier, en application de l&rsquo;article 25 et du consid\u00e9rant 78, est reconnue comme Responsable du traitement des donn\u00e9es \u00e0 caract\u00e8re personnel et s&rsquo;engage \u00e0 traiter ces donn\u00e9es conform\u00e9ment aux exigences normatives et aux risques associ\u00e9s \u00e0 leur traitement qui, pr\u00e9alablement, ont \u00e9t\u00e9 identifi\u00e9s.<\/p>\n<p>Pour garantir une gestion ad\u00e9quate des donn\u00e9es personnelles, tout le personnel de Ocean Tours Hondarribia intervenant dans les processus de traitement conna\u00eet les politiques de protection des donn\u00e9es \u00e9tablies dans l&rsquo;entit\u00e9, assurant ainsi la confidentialit\u00e9, l&rsquo;int\u00e9grit\u00e9, la disponibilit\u00e9 et la r\u00e9silience des donn\u00e9es personnelles ainsi que la capacit\u00e9 de les restaurer de mani\u00e8re efficace et dans les plus brefs d\u00e9lais en cas d&rsquo;incident.<\/p>\n<p>En application de la r\u00e9glementation en vigueur, Ocean Tours Hondarribia n&rsquo;est pas tenue de nommer un D\u00e9l\u00e9gu\u00e9 \u00e0 la protection des donn\u00e9es (DPD) \u00e9tant donn\u00e9 que les traitements effectu\u00e9s ne concernent pas des donn\u00e9es sensibles. Cependant, pour toute r\u00e9clamation, question et\/ou suggestion, nous sommes \u00e0 votre disposition et nous vous informons des aspects suivants : <\/p>\n<p><b>1. Responsable du traitement de vos donn\u00e9es personnelles<\/b><\/p>\n<p>Identification du Responsable : Oier Gartzia Agirre y Otra CB, NIF E56924475<\/p>\n<p><span style=\"color: var(--awb-text-color); font-family: var(--awb-text-font-family); font-size: var(--awb-font-size); font-style: var(--awb-text-font-style); font-weight: var(--awb-text-font-weight); letter-spacing: var(--awb-letter-spacing); text-align: var(--awb-content-alignment); text-transform: var(--awb-text-transform); background-color: var(--awb-bg-color-hover);\">Adresse postale <\/span> : Katalin Erauso Kalea 18 3\u00baB 20280 Hondarribia, Gipuzkoa<span style=\"color: var(--awb-text-color); font-family: var(--awb-text-font-family); font-size: var(--awb-font-size); font-style: var(--awb-text-font-style); font-weight: var(--awb-text-font-weight); letter-spacing: var(--awb-letter-spacing); text-align: var(--awb-content-alignment); text-transform: var(--awb-text-transform); background-color: var(--awb-bg-color-hover);\"><br \/><\/span><\/p>\n<p><span style=\"color: var(--awb-text-color); font-family: var(--awb-text-font-family); font-size: var(--awb-font-size); font-style: var(--awb-text-font-style); font-weight: var(--awb-text-font-weight); letter-spacing: var(--awb-letter-spacing); text-align: var(--awb-content-alignment); text-transform: var(--awb-text-transform); background-color: var(--awb-bg-color-hover);\">Adresse Web: oceantourshondarribia.com<br \/><\/span><\/p>\n<p><span style=\"color: var(--awb-text-color); font-family: var(--awb-text-font-family); font-size: var(--awb-font-size); font-style: var(--awb-text-font-style); font-weight: var(--awb-text-font-weight); letter-spacing: var(--awb-letter-spacing); text-align: var(--awb-content-alignment); text-transform: var(--awb-text-transform); background-color: var(--awb-bg-color-hover);\">Email de contact : info@oceantourshondarribia.com<br \/><\/span><\/p>\n<p><span style=\"color: var(--awb-text-color); font-family: var(--awb-text-font-family); font-size: var(--awb-font-size); font-style: var(--awb-text-font-style); font-weight: var(--awb-text-font-weight); letter-spacing: var(--awb-letter-spacing); text-align: var(--awb-content-alignment); text-transform: var(--awb-text-transform); background-color: var(--awb-bg-color-hover);\">T\u00e9l\u00e9phone de contact<\/span>: <span style=\"color: var(--awb-text-color); font-family: var(--awb-text-font-family); font-size: var(--awb-font-size); font-style: var(--awb-text-font-style); font-weight: var(--awb-text-font-weight); letter-spacing: var(--awb-letter-spacing); text-align: var(--awb-content-alignment); text-transform: var(--awb-text-transform); background-color: var(--awb-bg-color);\">623 924 050<\/span><\/p>\n<\/p>\n<p><b>2. Finalit\u00e9 et dur\u00e9e du traitement de vos donn\u00e9es personnelles<\/b><\/p>\n<p>Chaque fois qu&rsquo;Ocean Tours Hondarribia vous demande vos donn\u00e9es personnelles, nous vous informerons express\u00e9ment, au moment de la collecte des donn\u00e9es, de la finalit\u00e9 du traitement pour laquelle vous donnez votre consentement. Dans le cas o\u00f9 Ocean Tours Hondarribia souhaite utiliser vos donn\u00e9es \u00e0 d&rsquo;autres fins (g\u00e9n\u00e9ralement l&rsquo;envoi d&rsquo;informations sur les activit\u00e9s de Ocean Tours Hondarribia que nous estimons pouvoir vous int\u00e9resser), nous vous demanderons votre consentement explicite au pr\u00e9alable. Dans les cas o\u00f9 vous avez autoris\u00e9 l&rsquo;envoi d&rsquo;informations commerciales, nous vous informons que nous pourrons \u00e9tablir un \u00ab\u00a0profil commercial\u00a0\u00bb bas\u00e9 sur les donn\u00e9es fournies dans le but d&rsquo;adapter nos informations \u00e0 vos int\u00e9r\u00eats ; cependant, veuillez noter qu&rsquo;aucune d\u00e9cision exclusivement automatis\u00e9e ne sera prise sur la base de ce profil.  <\/p>\n<p>La dur\u00e9e du traitement de vos donn\u00e9es personnelles sera ind\u00e9finie sauf si vous exercez votre droit de suppression, auquel cas, nous supprimerons vos donn\u00e9es personnelles \u00e0 l&rsquo;exception de celles que nous sommes l\u00e9galement tenus de conserver pour la dur\u00e9e d\u00e9termin\u00e9e (par exemple, les donn\u00e9es de facturation de nos services).<\/p>\n<p><b>3. Base l\u00e9gale du traitement de vos donn\u00e9es personnelles<\/b><\/p>\n<p>La base l\u00e9gale qui nous permet de traiter vos donn\u00e9es personnelles est votre propre consentement pour le traitement. En g\u00e9n\u00e9ral, Ocean Tours Hondarribia vous demande votre consentement pour la finalit\u00e9 principale (vous fournir le service que vous demandez), de sorte que votre refus de consentir nous emp\u00eache de vous fournir le service que vous demandez. Dans le cas de la finalit\u00e9 secondaire (vous envoyer des informations commerciales sur Ocean Tours Hondarribia), vous devrez express\u00e9ment marquer votre consentement volontaire \u00e0 cette fin ; si vous ne souhaitez pas consentir express\u00e9ment \u00e0 la finalit\u00e9 secondaire, Ocean Tours Hondarribia consid\u00e9rera qu&rsquo;elle n&rsquo;est pas l\u00e9gitim\u00e9e \u00e0 vous envoyer des informations commerciales et agira en cons\u00e9quence.  <\/p>\n<p><b>4. Destinataire de vos donn\u00e9es personnelles<\/b><\/p>\n<p>Ocean Tours Hondarribia n&rsquo;a pas l&rsquo;intention de transf\u00e9rer vos donn\u00e9es personnelles \u00e0 des tiers. En cas de transfert de ce type, votre consentement pr\u00e9alable sera demand\u00e9, vous informant des destinataires des transferts ou, s&rsquo;ils ne sont pas clairement pr\u00e9d\u00e9termin\u00e9s, de la cat\u00e9gorie des destinataires. <\/p>\n<p>Ocean Tours Hondarribia pourra toutefois sous-traiter la fourniture de services \u00e0 des tiers impliquant l&rsquo;acc\u00e8s \u00e0 vos donn\u00e9es personnelles pour le compte d&rsquo;un tiers mais toujours dans le cadre de la fourniture d&rsquo;un service donnant lieu \u00e0 un traitement de donn\u00e9es dans les conditions pr\u00e9vues aux articles 28 et 29 du R\u00e8glement europ\u00e9en susmentionn\u00e9. Dans ces cas, Ocean Tours Hondarribia r\u00e9gira la sous-traitance par le biais du contrat-cadre de protection des donn\u00e9es correspondant, o\u00f9 seront clairement refl\u00e9t\u00e9s les engagements que les deux parties prennent dans le traitement de vos donn\u00e9es personnelles en ce qui concerne leur confidentialit\u00e9 et leur s\u00e9curit\u00e9. <\/p>\n<p>Dans le cas o\u00f9 le sous-traitant effectue le traitement en dehors de l&rsquo;espace europ\u00e9en, nous travaillerons avec des entit\u00e9s qui, selon l&rsquo;Agence espagnole de protection des donn\u00e9es, pr\u00e9sentent un niveau de s\u00e9curit\u00e9 \u00e9quivalent, d\u00e9montrable par ces moyens :<\/p>\n<ul>\n<li>L&rsquo;entreprise fournissant le service est situ\u00e9e dans la liste des pays offrant un niveau de protection \u00e9quivalent \u00e0 celui de l&rsquo;Union europ\u00e9enne.<\/li>\n<li>L&rsquo;autorisation expresse de transfert international de donn\u00e9es personnelles a \u00e9t\u00e9 accord\u00e9e par l&rsquo;Agence espagnole de protection des donn\u00e9es.<\/li>\n<li>L&rsquo;entreprise fournissant le service travaille dans le cadre du bouclier de protection des donn\u00e9es UE-\u00c9tats-Unis.<\/li>\n<\/ul>\n<p><b>5. Droits relatifs au traitement de vos donn\u00e9es personnelles<\/b><\/p>\n<p>En tant que titulaire de donn\u00e9es personnelles trait\u00e9es par Ocean Tours Hondarribia, et en application des articles 15 \u00e0 21 du r\u00e8glement europ\u00e9en pr\u00e9c\u00e9demment cit\u00e9, vous pouvez exercer, \u00e0 tout moment, les droits d&rsquo;acc\u00e8s, de rectification ou de suppression, de limitation du traitement, d&rsquo;opposition et\/ou de portabilit\u00e9. Pour ce faire, vous devez contacter Ocean Tours Hondarribia par l&rsquo;un des moyens habituels de communication, et en particulier, via les coordonn\u00e9es mentionn\u00e9es au point 1 de cette Politique de Protection des Donn\u00e9es, en demandant le droit souhait\u00e9. Vous devrez vous identifier de mani\u00e8re indubitable en tant que titulaire des donn\u00e9es personnelles sur lesquelles vous souhaitez exercer le droit. Ocean Tours Hondarribia mettra en \u0153uvre celui-ci dans les plus brefs d\u00e9lais et, en tout \u00e9tat de cause, sans d\u00e9lai injustifi\u00e9. Si vous avez des doutes sur vos droits et la mani\u00e8re de les exercer, Ocean Tours Hondarribia est \u00e0 votre disposition pour vous fournir les informations n\u00e9cessaires et faciliter leur exercice.    <\/p>\n<p>Si vous estimez que votre demande d&rsquo;exercice des droits n&rsquo;a pas \u00e9t\u00e9 correctement trait\u00e9e, vous pouvez porter plainte aupr\u00e8s de l&rsquo;Autorit\u00e9 de Contr\u00f4le comp\u00e9tente ; \u00e0 cet effet, nous vous fournissons les coordonn\u00e9es principales de l&rsquo;Agence espagnole de protection des donn\u00e9es :<\/p>\n<p>Agence espagnole de protection des donn\u00e9es (AEPD)<\/p>\n<p><span style=\"color: var(--awb-text-color); font-family: var(--awb-text-font-family); font-size: var(--awb-font-size); font-style: var(--awb-text-font-style); font-weight: var(--awb-text-font-weight); letter-spacing: var(--awb-letter-spacing); text-align: var(--awb-content-alignment); text-transform: var(--awb-text-transform); background-color: var(--awb-bg-color-hover);\">C\/ Jorge Juan, 6<br \/><\/span><\/p>\n<p><span style=\"color: var(--awb-text-color); font-family: var(--awb-text-font-family); font-size: var(--awb-font-size); font-style: var(--awb-text-font-style); font-weight: var(--awb-text-font-weight); letter-spacing: var(--awb-letter-spacing); text-align: var(--awb-content-alignment); text-transform: var(--awb-text-transform); background-color: var(--awb-bg-color-hover);\">28001 Madrid<\/span><\/p>\n<\/p>\n<p>www.agpd.es<\/p>\n<p><span style=\"color: var(--awb-text-color); font-family: var(--awb-text-font-family); font-size: var(--awb-font-size); font-style: var(--awb-text-font-style); font-weight: var(--awb-text-font-weight); letter-spacing: var(--awb-letter-spacing); text-align: var(--awb-content-alignment); text-transform: var(--awb-text-transform); background-color: var(--awb-bg-color-hover);\">T\u00e9l\u00e9phones de contact: 901 100 099 \u2013 912 663 517 <\/span><\/p>\n<\/p>\n<p><b>6. Origine des donn\u00e9es<\/b><\/p>\n<p>L&rsquo;origine des donn\u00e9es personnelles trait\u00e9es par Ocean Tours Hondarribia sera le titulaire des donn\u00e9es lui-m\u00eame, son repr\u00e9sentant l\u00e9gal ou la personne ou les personnes express\u00e9ment autoris\u00e9es par le titulaire. Les cat\u00e9gories de donn\u00e9es trait\u00e9es seront toujours des donn\u00e9es d&rsquo;identification, \u00e9conomiques, commerciales, acad\u00e9miques et professionnelles, et en g\u00e9n\u00e9ral, tout type de donn\u00e9es personnelles qui ne sont pas consid\u00e9r\u00e9es comme des donn\u00e9es sp\u00e9cialement prot\u00e9g\u00e9es. <\/p><\/p>\n<\/div><\/div><\/div><\/div><\/div><\/p>\n","protected":false},"excerpt":{"rendered":"","protected":false},"author":1,"featured_media":0,"parent":0,"menu_order":99,"comment_status":"closed","ping_status":"closed","template":"100-width.php","meta":{"footnotes":""},"class_list":["post-2975","page","type-page","status-publish","hentry"],"yoast_head":"<!-- This site is optimized with the Yoast SEO plugin v27.0 - https:\/\/yoast.com\/product\/yoast-seo-wordpress\/ -->\n<title>Politique de confidentialit\u00e9 - Ocean Tours Hondarribia<\/title>\n<meta name=\"robots\" content=\"index, follow, max-snippet:-1, max-image-preview:large, max-video-preview:-1\" \/>\n<link rel=\"canonical\" href=\"https:\/\/oceantourshondarribia.com\/politica-privacidad\/\" \/>\n<meta property=\"og:locale\" content=\"fr_FR\" \/>\n<meta property=\"og:type\" content=\"article\" \/>\n<meta property=\"og:title\" content=\"Politique de confidentialit\u00e9 - Ocean Tours Hondarribia\" \/>\n<meta property=\"og:url\" content=\"https:\/\/oceantourshondarribia.com\/politica-privacidad\/\" \/>\n<meta property=\"og:site_name\" content=\"Ocean Tours Hondarribia\" \/>\n<meta property=\"article:publisher\" content=\"https:\/\/www.facebook.com\/profile.php?id=61558781386255\" \/>\n<meta property=\"article:modified_time\" content=\"2024-05-19T07:38:47+00:00\" \/>\n<meta name=\"twitter:card\" content=\"summary_large_image\" \/>\n<meta name=\"twitter:label1\" content=\"Dur\u00e9e de lecture estim\u00e9e\" \/>\n\t<meta name=\"twitter:data1\" content=\"10 minutes\" \/>\n<script type=\"application\/ld+json\" class=\"yoast-schema-graph\">{\"@context\":\"https:\/\/schema.org\",\"@graph\":[{\"@type\":\"WebPage\",\"@id\":\"https:\/\/oceantourshondarribia.com\/politica-privacidad\/\",\"url\":\"https:\/\/oceantourshondarribia.com\/politica-privacidad\/\",\"name\":\"Politique de confidentialit\u00e9 - Ocean Tours Hondarribia\",\"isPartOf\":{\"@id\":\"https:\/\/oceantourshondarribia.com\/#website\"},\"datePublished\":\"2024-04-12T14:21:20+00:00\",\"dateModified\":\"2024-05-19T07:38:47+00:00\",\"breadcrumb\":{\"@id\":\"https:\/\/oceantourshondarribia.com\/politica-privacidad\/#breadcrumb\"},\"inLanguage\":\"fr-FR\",\"potentialAction\":[{\"@type\":\"ReadAction\",\"target\":[\"https:\/\/oceantourshondarribia.com\/politica-privacidad\/\"]}]},{\"@type\":\"BreadcrumbList\",\"@id\":\"https:\/\/oceantourshondarribia.com\/politica-privacidad\/#breadcrumb\",\"itemListElement\":[{\"@type\":\"ListItem\",\"position\":1,\"name\":\"Portada\",\"item\":\"https:\/\/oceantourshondarribia.com\/fr\/\"},{\"@type\":\"ListItem\",\"position\":2,\"name\":\"Politique de confidentialit\u00e9\"}]},{\"@type\":\"WebSite\",\"@id\":\"https:\/\/oceantourshondarribia.com\/#website\",\"url\":\"https:\/\/oceantourshondarribia.com\/\",\"name\":\"Ocean Tours Hondarribia\",\"description\":\"Rutas en barco por la costa vasca\",\"publisher\":{\"@id\":\"https:\/\/oceantourshondarribia.com\/#organization\"},\"potentialAction\":[{\"@type\":\"SearchAction\",\"target\":{\"@type\":\"EntryPoint\",\"urlTemplate\":\"https:\/\/oceantourshondarribia.com\/?s={search_term_string}\"},\"query-input\":{\"@type\":\"PropertyValueSpecification\",\"valueRequired\":true,\"valueName\":\"search_term_string\"}}],\"inLanguage\":\"fr-FR\"},{\"@type\":\"Organization\",\"@id\":\"https:\/\/oceantourshondarribia.com\/#organization\",\"name\":\"Ocean Tours Hondarribia\",\"url\":\"https:\/\/oceantourshondarribia.com\/\",\"logo\":{\"@type\":\"ImageObject\",\"inLanguage\":\"fr-FR\",\"@id\":\"https:\/\/oceantourshondarribia.com\/#\/schema\/logo\/image\/\",\"url\":\"https:\/\/oceantourshondarribia.com\/wp-content\/uploads\/2024\/04\/Logos-Ocean-Tours-Hondarribia-01.png\",\"contentUrl\":\"https:\/\/oceantourshondarribia.com\/wp-content\/uploads\/2024\/04\/Logos-Ocean-Tours-Hondarribia-01.png\",\"width\":3803,\"height\":1396,\"caption\":\"Ocean Tours Hondarribia\"},\"image\":{\"@id\":\"https:\/\/oceantourshondarribia.com\/#\/schema\/logo\/image\/\"},\"sameAs\":[\"https:\/\/www.facebook.com\/profile.php?id=61558781386255\",\"https:\/\/www.instagram.com\/oceantours_hondarribia\/\"]}]}<\/script>\n<!-- \/ Yoast SEO plugin. -->","yoast_head_json":{"title":"Politique de confidentialit\u00e9 - Ocean Tours Hondarribia","robots":{"index":"index","follow":"follow","max-snippet":"max-snippet:-1","max-image-preview":"max-image-preview:large","max-video-preview":"max-video-preview:-1"},"canonical":"https:\/\/oceantourshondarribia.com\/politica-privacidad\/","og_locale":"fr_FR","og_type":"article","og_title":"Politique de confidentialit\u00e9 - Ocean Tours Hondarribia","og_url":"https:\/\/oceantourshondarribia.com\/politica-privacidad\/","og_site_name":"Ocean Tours Hondarribia","article_publisher":"https:\/\/www.facebook.com\/profile.php?id=61558781386255","article_modified_time":"2024-05-19T07:38:47+00:00","twitter_card":"summary_large_image","twitter_misc":{"Dur\u00e9e de lecture estim\u00e9e":"10 minutes"},"schema":{"@context":"https:\/\/schema.org","@graph":[{"@type":"WebPage","@id":"https:\/\/oceantourshondarribia.com\/politica-privacidad\/","url":"https:\/\/oceantourshondarribia.com\/politica-privacidad\/","name":"Politique de confidentialit\u00e9 - Ocean Tours Hondarribia","isPartOf":{"@id":"https:\/\/oceantourshondarribia.com\/#website"},"datePublished":"2024-04-12T14:21:20+00:00","dateModified":"2024-05-19T07:38:47+00:00","breadcrumb":{"@id":"https:\/\/oceantourshondarribia.com\/politica-privacidad\/#breadcrumb"},"inLanguage":"fr-FR","potentialAction":[{"@type":"ReadAction","target":["https:\/\/oceantourshondarribia.com\/politica-privacidad\/"]}]},{"@type":"BreadcrumbList","@id":"https:\/\/oceantourshondarribia.com\/politica-privacidad\/#breadcrumb","itemListElement":[{"@type":"ListItem","position":1,"name":"Portada","item":"https:\/\/oceantourshondarribia.com\/fr\/"},{"@type":"ListItem","position":2,"name":"Politique de confidentialit\u00e9"}]},{"@type":"WebSite","@id":"https:\/\/oceantourshondarribia.com\/#website","url":"https:\/\/oceantourshondarribia.com\/","name":"Ocean Tours Hondarribia","description":"Rutas en barco por la costa vasca","publisher":{"@id":"https:\/\/oceantourshondarribia.com\/#organization"},"potentialAction":[{"@type":"SearchAction","target":{"@type":"EntryPoint","urlTemplate":"https:\/\/oceantourshondarribia.com\/?s={search_term_string}"},"query-input":{"@type":"PropertyValueSpecification","valueRequired":true,"valueName":"search_term_string"}}],"inLanguage":"fr-FR"},{"@type":"Organization","@id":"https:\/\/oceantourshondarribia.com\/#organization","name":"Ocean Tours Hondarribia","url":"https:\/\/oceantourshondarribia.com\/","logo":{"@type":"ImageObject","inLanguage":"fr-FR","@id":"https:\/\/oceantourshondarribia.com\/#\/schema\/logo\/image\/","url":"https:\/\/oceantourshondarribia.com\/wp-content\/uploads\/2024\/04\/Logos-Ocean-Tours-Hondarribia-01.png","contentUrl":"https:\/\/oceantourshondarribia.com\/wp-content\/uploads\/2024\/04\/Logos-Ocean-Tours-Hondarribia-01.png","width":3803,"height":1396,"caption":"Ocean Tours Hondarribia"},"image":{"@id":"https:\/\/oceantourshondarribia.com\/#\/schema\/logo\/image\/"},"sameAs":["https:\/\/www.facebook.com\/profile.php?id=61558781386255","https:\/\/www.instagram.com\/oceantours_hondarribia\/"]}]}},"_links":{"self":[{"href":"https:\/\/oceantourshondarribia.com\/fr\/wp-json\/wp\/v2\/pages\/2975","targetHints":{"allow":["GET"]}}],"collection":[{"href":"https:\/\/oceantourshondarribia.com\/fr\/wp-json\/wp\/v2\/pages"}],"about":[{"href":"https:\/\/oceantourshondarribia.com\/fr\/wp-json\/wp\/v2\/types\/page"}],"author":[{"embeddable":true,"href":"https:\/\/oceantourshondarribia.com\/fr\/wp-json\/wp\/v2\/users\/1"}],"replies":[{"embeddable":true,"href":"https:\/\/oceantourshondarribia.com\/fr\/wp-json\/wp\/v2\/comments?post=2975"}],"version-history":[{"count":2,"href":"https:\/\/oceantourshondarribia.com\/fr\/wp-json\/wp\/v2\/pages\/2975\/revisions"}],"predecessor-version":[{"id":2977,"href":"https:\/\/oceantourshondarribia.com\/fr\/wp-json\/wp\/v2\/pages\/2975\/revisions\/2977"}],"wp:attachment":[{"href":"https:\/\/oceantourshondarribia.com\/fr\/wp-json\/wp\/v2\/media?parent=2975"}],"curies":[{"name":"wp","href":"https:\/\/api.w.org\/{rel}","templated":true}]}}