{"id":2981,"date":"2024-05-11T12:31:00","date_gmt":"2024-05-11T10:31:00","guid":{"rendered":"https:\/\/oceantourshondarribia.com\/comment-se-rendre-a-ozumara\/"},"modified":"2024-05-19T09:45:07","modified_gmt":"2024-05-19T07:45:07","slug":"comment-se-rendre-a-ozumara","status":"publish","type":"page","link":"https:\/\/oceantourshondarribia.com\/fr\/comment-se-rendre-a-ozumara\/","title":{"rendered":"Comment se rendre \u00e0 Ozumara?"},"content":{"rendered":"<p><div class=\"fusion-fullwidth fullwidth-box fusion-builder-row-1 fusion-flex-container has-pattern-background has-mask-background fusion-parallax-none hundred-percent-fullwidth non-hundred-percent-height-scrolling lazyload\" style=\"--awb-border-radius-top-left:0px;--awb-border-radius-top-right:0px;--awb-border-radius-bottom-right:0px;--awb-border-radius-bottom-left:0px;--awb-padding-top:0px;--awb-padding-bottom:0px;--awb-min-height:15vh;--awb-background-size:cover;--awb-flex-wrap:wrap;--awb-filter:saturate(70%);--awb-filter-transition:filter 0.3s ease;--awb-filter-hover:saturate(70%);\" data-bg=\"https:\/\/oceantourshondarribia.com\/wp-content\/uploads\/2024\/04\/Background_sea.jpg\" ><div class=\"fusion-builder-row fusion-row fusion-flex-align-items-flex-start fusion-flex-align-content-center fusion-flex-content-wrap\" style=\"width:104% !important;max-width:104% !important;margin-left: calc(-4% \/ 2 );margin-right: calc(-4% \/ 2 );\"><\/div><\/div><div class=\"fusion-fullwidth fullwidth-box fusion-builder-row-2 fusion-flex-container has-pattern-background has-mask-background nonhundred-percent-fullwidth non-hundred-percent-height-scrolling\" style=\"--awb-border-radius-top-left:0px;--awb-border-radius-top-right:0px;--awb-border-radius-bottom-right:0px;--awb-border-radius-bottom-left:0px;--awb-padding-top:50px;--awb-padding-bottom:0px;--awb-padding-top-small:0px;--awb-padding-bottom-small:0px;--awb-margin-bottom-small:0px;--awb-background-color:var(--awb-color1);--awb-flex-wrap:wrap;\" ><div class=\"fusion-builder-row fusion-row fusion-flex-align-items-flex-start fusion-flex-justify-content-center fusion-flex-content-wrap\" style=\"max-width:calc( 1200px + 100px );margin-left: calc(-100px \/ 2 );margin-right: calc(-100px \/ 2 );\"><div class=\"fusion-layout-column fusion_builder_column fusion-builder-column-0 fusion_builder_column_1_2 1_2 fusion-flex-column\" style=\"--awb-bg-size:cover;--awb-width-large:50%;--awb-margin-top-large:0px;--awb-spacing-right-large:calc( 0.06 * calc( 100% - 100px ) );--awb-margin-bottom-large:0px;--awb-spacing-left-large:50px;--awb-width-medium:50%;--awb-spacing-right-medium:calc( 0.06 * calc( 100% - 100px ) );--awb-spacing-left-medium:50px;--awb-width-small:100%;--awb-order-small:1;--awb-margin-top-small:20px;--awb-spacing-right-small:50px;--awb-margin-bottom-small:27px;--awb-spacing-left-small:50px;\"><div class=\"fusion-column-wrapper fusion-column-has-shadow fusion-flex-justify-content-flex-start fusion-content-layout-column\"><div class=\"fusion-title title fusion-title-1 fusion-sep-none fusion-title-text fusion-title-size-one\" style=\"--awb-text-color:var(--awb-color5);--awb-margin-bottom:5px;--awb-font-size:15px;\"><h1 class=\"fusion-title-heading title-heading-left sm-text-align-center\" style=\"font-family:&quot;Poppins&quot;;font-style:normal;font-weight:600;margin:0;letter-spacing:1px;text-transform:uppercase;font-size:1em;line-height:1.2;\">Comment arriver \u00e0 notre bateau?<\/h1><\/div><div class=\"fusion-title title fusion-title-2 fusion-sep-none fusion-title-text fusion-title-size-div\" style=\"--awb-text-color:var(--awb-color4);--awb-margin-top:5px;--awb-margin-bottom:10px;--awb-margin-top-small:5px;--awb-margin-bottom-small:15px;--awb-font-size:22px;\"><div class=\"fusion-title-heading title-heading-left title-heading-tag sm-text-align-center\" style=\"font-family:&quot;Poppins&quot;;font-style:normal;font-weight:300;margin:0;font-size:1em;line-height:1.3;\"> Nous rendons cela facile pour que vous nous trouviez d\u00e8s le premier essai au port de plaisance de Hondarribia.<\/div><\/div><div class=\"fusion-text fusion-text-1\" style=\"--awb-font-size:16px;--awb-text-color:var(--awb-color4);\"><p>Voici une carte avec une vue a\u00e9rienne pour que vous puissiez localiser notre bateau dans le port de Hondarribia le jour de votre r\u00e9servation. De plus, nous avons cr\u00e9\u00e9 une vid\u00e9o montrant le trajet \u00e0 pied depuis l&rsquo;entr\u00e9e du port de plaisance de Hondarribia. Et n&rsquo;oubliez pas :<\/p>\n<\/div><ul style=\"--awb-margin-top:5px;--awb-margin-bottom:25px;--awb-item-padding-top:1px;--awb-item-padding-bottom:1px;--awb-iconcolor:var(--awb-color4);--awb-textcolor:var(--awb-color3);--awb-line-height:27.2px;--awb-icon-width:27.2px;--awb-icon-height:27.2px;--awb-icon-margin:11.2px;--awb-content-margin:38.4px;\" class=\"fusion-checklist fusion-checklist-1 type-icons\"><li class=\"fusion-li-item\" style=\"\"><span class=\"icon-wrapper circle-no\"><i class=\"fusion-li-icon fa-history fas\" aria-hidden=\"true\"><\/i><\/span><div class=\"fusion-li-item-content\">\n<p>Vous devez \u00eatre au port 15 minutes avant votre r\u00e9servation.<\/p>\n<\/div><\/li><\/ul><div ><a class=\"fusion-button button-flat fusion-button-default-size button-custom fusion-button-default button-1 fusion-button-span-yes fusion-button-default-type\" style=\"--button_accent_color:var(--awb-color3);--button_border_color:hsla(var(--awb-color3-h),calc(var(--awb-color3-s) - 2%),calc(var(--awb-color3-l) - 35%),var(--awb-color3-a));--button_accent_hover_color:var(--awb-color1);--button_border_hover_color:var(--awb-color1);--button_gradient_top_color:var(--awb-color5);--button_gradient_bottom_color:var(--awb-color5);--button_gradient_top_color_hover:hsla(var(--awb-color5-h),calc(var(--awb-color5-s) - 5%),calc(var(--awb-color5-l) - 10%),var(--awb-color5-a));--button_gradient_bottom_color_hover:hsla(var(--awb-color5-h),calc(var(--awb-color5-s) - 5%),calc(var(--awb-color5-l) - 10%),var(--awb-color5-a));--button_text_transform:none;--button_font_size:15px;--button_padding-top:20px;--button_padding-right:15px;--button_padding-bottom:20px;--button_padding-left:15px;--button_margin-bottom:10px;\" target=\"_blank\" rel=\"noopener noreferrer\" data-hover=\"bg_slide_right\" href=\"https:\/\/oceantourshondarribia.com\/wp-content\/uploads\/2024\/05\/Localizacion-puerto-hondarribia_L.m4v\"><i class=\"fa-play-circle fas awb-button__icon awb-button__icon--default button-icon-left\" aria-hidden=\"true\"><\/i><span class=\"fusion-button-text awb-button__text awb-button__text--default\">T\u00e9l\u00e9chargez la vid\u00e9o pour savoir comment arriver.<\/span><\/a><\/div><div class=\"fusion-image-element \" style=\"--awb-caption-title-font-family:var(--h2_typography-font-family);--awb-caption-title-font-weight:var(--h2_typography-font-weight);--awb-caption-title-font-style:var(--h2_typography-font-style);--awb-caption-title-size:var(--h2_typography-font-size);--awb-caption-title-transform:var(--h2_typography-text-transform);--awb-caption-title-line-height:var(--h2_typography-line-height);--awb-caption-title-letter-spacing:var(--h2_typography-letter-spacing);\"><span class=\" fusion-imageframe imageframe-none imageframe-1 hover-type-none\"><a href=\"https:\/\/oceantourshondarribia.com\/wp-content\/uploads\/2024\/05\/Mapa-Puerto-Hondarribia.png\" class=\"fusion-lightbox\" data-rel=\"iLightbox[6445d208f983feef7ba]\" data-title=\"Mapa-Puerto Hondarribia\" title=\"Mapa-Puerto Hondarribia\"><img decoding=\"async\" width=\"894\" height=\"655\" src=\"https:\/\/oceantourshondarribia.com\/wp-content\/uploads\/2024\/05\/Mapa-Puerto-Hondarribia.png\" data-orig-src=\"https:\/\/oceantourshondarribia.com\/wp-content\/uploads\/2024\/05\/Mapa-Puerto-Hondarribia.png\" alt class=\"lazyload img-responsive wp-image-2567\" srcset=\"data:image\/svg+xml,%3Csvg%20xmlns%3D%27http%3A%2F%2Fwww.w3.org%2F2000%2Fsvg%27%20width%3D%27894%27%20height%3D%27655%27%20viewBox%3D%270%200%20894%20655%27%3E%3Crect%20width%3D%27894%27%20height%3D%27655%27%20fill-opacity%3D%220%22%2F%3E%3C%2Fsvg%3E\" data-srcset=\"https:\/\/oceantourshondarribia.com\/wp-content\/uploads\/2024\/05\/Mapa-Puerto-Hondarribia-200x147.png 200w, https:\/\/oceantourshondarribia.com\/wp-content\/uploads\/2024\/05\/Mapa-Puerto-Hondarribia-400x293.png 400w, https:\/\/oceantourshondarribia.com\/wp-content\/uploads\/2024\/05\/Mapa-Puerto-Hondarribia-600x440.png 600w, https:\/\/oceantourshondarribia.com\/wp-content\/uploads\/2024\/05\/Mapa-Puerto-Hondarribia-800x586.png 800w, https:\/\/oceantourshondarribia.com\/wp-content\/uploads\/2024\/05\/Mapa-Puerto-Hondarribia.png 894w\" data-sizes=\"auto\" data-orig-sizes=\"(max-width: 640px) 100vw, 600px\" \/><\/a><\/span><\/div><\/div><\/div><div class=\"fusion-layout-column fusion_builder_column fusion-builder-column-1 fusion_builder_column_1_4 1_4 fusion-flex-column\" style=\"--awb-bg-size:cover;--awb-width-large:25%;--awb-margin-top-large:0px;--awb-spacing-right-large:25px;--awb-margin-bottom-large:0px;--awb-spacing-left-large:25px;--awb-width-medium:25%;--awb-spacing-right-medium:25px;--awb-spacing-left-medium:25px;--awb-width-small:100%;--awb-order-small:1;--awb-spacing-right-small:50px;--awb-margin-bottom-small:50px;--awb-spacing-left-small:50px;\"><div class=\"fusion-column-wrapper fusion-column-has-shadow fusion-flex-justify-content-flex-start fusion-content-layout-column\"><div class=\"fusion-video fusion-selfhosted-video\" style=\"margin-bottom:25px;max-width:100%;\"><div class=\"video-wrapper\"><video playsinline=\"true\" width=\"100%\" style=\"object-fit: cover;\" autoplay=\"true\" muted=\"true\" loop=\"true\" preload=\"auto\" controls=\"1\"><source src=\"https:\/\/oceantourshondarribia.com\/wp-content\/uploads\/2024\/05\/Localizacion-puerto-hondarribia_L.m4v\" type=\"video\/mp4\">Sorry, your browser doesn&#039;t support embedded videos.<\/video><\/div><\/div><div ><a class=\"fusion-button button-flat fusion-button-default-size button-custom fusion-button-default button-2 fusion-button-span-yes fusion-button-default-type\" style=\"--button_accent_color:var(--awb-color3);--button_border_color:hsla(var(--awb-color3-h),calc(var(--awb-color3-s) - 2%),calc(var(--awb-color3-l) - 35%),var(--awb-color3-a));--button_accent_hover_color:var(--awb-color1);--button_border_hover_color:var(--awb-color1);--button_gradient_top_color:var(--awb-color5);--button_gradient_bottom_color:var(--awb-color5);--button_gradient_top_color_hover:hsla(var(--awb-color5-h),calc(var(--awb-color5-s) - 5%),calc(var(--awb-color5-l) - 10%),var(--awb-color5-a));--button_gradient_bottom_color_hover:hsla(var(--awb-color5-h),calc(var(--awb-color5-s) - 5%),calc(var(--awb-color5-l) - 10%),var(--awb-color5-a));--button_text_transform:none;--button_font_size:15px;--button_padding-top:20px;--button_padding-right:15px;--button_padding-bottom:20px;--button_padding-left:15px;--button_margin-bottom:10px;\" target=\"_blank\" rel=\"noopener noreferrer\" data-hover=\"bg_slide_right\" href=\"https:\/\/wa.me\/34623924050\"><i class=\"fa-whatsapp fab awb-button__icon awb-button__icon--default button-icon-left\" aria-hidden=\"true\"><\/i><span class=\"fusion-button-text awb-button__text awb-button__text--default\">\u00c9crivez-nous un WhatsApp<\/span><\/a><\/div><div ><a class=\"fusion-button button-flat fusion-button-default-size button-custom fusion-button-default button-3 fusion-button-span-yes fusion-button-default-type\" style=\"--button_accent_color:var(--awb-color3);--button_border_color:hsla(var(--awb-color3-h),calc(var(--awb-color3-s) - 2%),calc(var(--awb-color3-l) - 35%),var(--awb-color3-a));--button_accent_hover_color:var(--awb-color1);--button_border_hover_color:var(--awb-color1);--button_gradient_top_color:var(--awb-color6);--button_gradient_bottom_color:var(--awb-color6);--button_gradient_top_color_hover:hsla(var(--awb-color5-h),calc(var(--awb-color5-s) - 5%),calc(var(--awb-color5-l) - 10%),var(--awb-color5-a));--button_gradient_bottom_color_hover:hsla(var(--awb-color5-h),calc(var(--awb-color5-s) - 5%),calc(var(--awb-color5-l) - 10%),var(--awb-color5-a));--button_text_transform:none;--button_font_size:15px;--button_padding-top:20px;--button_padding-right:15px;--button_padding-bottom:20px;--button_padding-left:15px;\" target=\"_blank\" rel=\"noopener noreferrer\" data-hover=\"bg_slide_right\" href=\"tel:+34623924050\"><i class=\"fa-phone-alt fas awb-button__icon awb-button__icon--default button-icon-left\" aria-hidden=\"true\"><\/i><span class=\"fusion-button-text awb-button__text awb-button__text--default\">Appelez-nous : 623 924 050<\/span><\/a><\/div><ul style=\"--awb-margin-top:20px;--awb-margin-bottom:25px;--awb-item-padding-top:1px;--awb-item-padding-bottom:1px;--awb-iconcolor:var(--awb-color4);--awb-textcolor:var(--awb-color3);--awb-line-height:27.2px;--awb-icon-width:27.2px;--awb-icon-height:27.2px;--awb-icon-margin:11.2px;--awb-content-margin:38.4px;\" class=\"fusion-checklist fusion-checklist-2 type-icons\"><li class=\"fusion-li-item\" style=\"\"><span class=\"icon-wrapper circle-no\"><i class=\"fusion-li-icon fa-bicycle fas\" aria-hidden=\"true\"><\/i><\/span><div class=\"fusion-li-item-content\">\n<p><a href=\"https:\/\/maps.app.goo.gl\/w2jDFhfLFt6mYbvY8\" target=\"_blank\" rel=\"noopener\">Comment se rendre au port de Hondarribia?<\/a><\/p>\n<\/div><\/li><li class=\"fusion-li-item\" style=\"\"><span class=\"icon-wrapper circle-no\"><i class=\"fusion-li-icon fa-life-ring fas\" aria-hidden=\"true\"><\/i><\/span><div class=\"fusion-li-item-content\">\n<p><a href=\"https:\/\/oceantourshondarribia.com\/fr\/questions-frequemment-posees\/\">R\u00e9solvez vos doutes fr\u00e9quents<\/a><\/p>\n<\/div><\/li><li class=\"fusion-li-item\" style=\"\"><span class=\"icon-wrapper circle-no\"><i class=\"fusion-li-icon fa-calendar-alt far\" aria-hidden=\"true\"><\/i><\/span><div class=\"fusion-li-item-content\">\n<p><a href=\"https:\/\/oceantourshondarribia.com\/fr\/reservations-et-annulations\/\">R\u00e9servations et annulations<\/a><\/p>\n<\/div><\/li><\/ul><\/div><\/div><\/div><\/div><\/p>\n","protected":false},"excerpt":{"rendered":"","protected":false},"author":1,"featured_media":0,"parent":0,"menu_order":0,"comment_status":"closed","ping_status":"closed","template":"100-width.php","meta":{"footnotes":""},"class_list":["post-2981","page","type-page","status-publish","hentry"],"yoast_head":"<!-- This site is optimized with the Yoast SEO plugin v27.4 - https:\/\/yoast.com\/product\/yoast-seo-wordpress\/ -->\n<title>Comment se rendre \u00e0 Ozumara? - Ocean Tours Hondarribia<\/title>\n<meta name=\"robots\" content=\"index, follow, max-snippet:-1, max-image-preview:large, max-video-preview:-1\" \/>\n<link rel=\"canonical\" href=\"https:\/\/oceantourshondarribia.com\/como-llegar-a-ozumara\/\" \/>\n<meta property=\"og:locale\" content=\"fr_FR\" \/>\n<meta property=\"og:type\" content=\"article\" \/>\n<meta property=\"og:title\" content=\"Comment se rendre \u00e0 Ozumara? - Ocean Tours Hondarribia\" \/>\n<meta property=\"og:url\" content=\"https:\/\/oceantourshondarribia.com\/como-llegar-a-ozumara\/\" \/>\n<meta property=\"og:site_name\" content=\"Ocean Tours Hondarribia\" \/>\n<meta property=\"article:publisher\" content=\"https:\/\/www.facebook.com\/profile.php?id=61558781386255\" \/>\n<meta property=\"article:modified_time\" content=\"2024-05-19T07:45:07+00:00\" \/>\n<meta name=\"twitter:card\" content=\"summary_large_image\" \/>\n<meta name=\"twitter:label1\" content=\"Dur\u00e9e de lecture estim\u00e9e\" \/>\n\t<meta name=\"twitter:data1\" content=\"9 minutes\" \/>\n<script type=\"application\/ld+json\" class=\"yoast-schema-graph\">{\"@context\":\"https:\\\/\\\/schema.org\",\"@graph\":[{\"@type\":\"WebPage\",\"@id\":\"https:\\\/\\\/oceantourshondarribia.com\\\/como-llegar-a-ozumara\\\/\",\"url\":\"https:\\\/\\\/oceantourshondarribia.com\\\/como-llegar-a-ozumara\\\/\",\"name\":\"Comment se rendre \u00e0 Ozumara? - Ocean Tours Hondarribia\",\"isPartOf\":{\"@id\":\"https:\\\/\\\/oceantourshondarribia.com\\\/#website\"},\"datePublished\":\"2024-05-11T10:31:00+00:00\",\"dateModified\":\"2024-05-19T07:45:07+00:00\",\"breadcrumb\":{\"@id\":\"https:\\\/\\\/oceantourshondarribia.com\\\/como-llegar-a-ozumara\\\/#breadcrumb\"},\"inLanguage\":\"fr-FR\",\"potentialAction\":[{\"@type\":\"ReadAction\",\"target\":[\"https:\\\/\\\/oceantourshondarribia.com\\\/como-llegar-a-ozumara\\\/\"]}]},{\"@type\":\"BreadcrumbList\",\"@id\":\"https:\\\/\\\/oceantourshondarribia.com\\\/como-llegar-a-ozumara\\\/#breadcrumb\",\"itemListElement\":[{\"@type\":\"ListItem\",\"position\":1,\"name\":\"Portada\",\"item\":\"https:\\\/\\\/oceantourshondarribia.com\\\/fr\\\/\"},{\"@type\":\"ListItem\",\"position\":2,\"name\":\"Comment se rendre \u00e0 Ozumara?\"}]},{\"@type\":\"WebSite\",\"@id\":\"https:\\\/\\\/oceantourshondarribia.com\\\/#website\",\"url\":\"https:\\\/\\\/oceantourshondarribia.com\\\/\",\"name\":\"Ocean Tours Hondarribia\",\"description\":\"Rutas en barco por la costa vasca\",\"publisher\":{\"@id\":\"https:\\\/\\\/oceantourshondarribia.com\\\/#organization\"},\"potentialAction\":[{\"@type\":\"SearchAction\",\"target\":{\"@type\":\"EntryPoint\",\"urlTemplate\":\"https:\\\/\\\/oceantourshondarribia.com\\\/?s={search_term_string}\"},\"query-input\":{\"@type\":\"PropertyValueSpecification\",\"valueRequired\":true,\"valueName\":\"search_term_string\"}}],\"inLanguage\":\"fr-FR\"},{\"@type\":\"Organization\",\"@id\":\"https:\\\/\\\/oceantourshondarribia.com\\\/#organization\",\"name\":\"Ocean Tours Hondarribia\",\"url\":\"https:\\\/\\\/oceantourshondarribia.com\\\/\",\"logo\":{\"@type\":\"ImageObject\",\"inLanguage\":\"fr-FR\",\"@id\":\"https:\\\/\\\/oceantourshondarribia.com\\\/#\\\/schema\\\/logo\\\/image\\\/\",\"url\":\"https:\\\/\\\/oceantourshondarribia.com\\\/wp-content\\\/uploads\\\/2024\\\/04\\\/Logos-Ocean-Tours-Hondarribia-01.png\",\"contentUrl\":\"https:\\\/\\\/oceantourshondarribia.com\\\/wp-content\\\/uploads\\\/2024\\\/04\\\/Logos-Ocean-Tours-Hondarribia-01.png\",\"width\":3803,\"height\":1396,\"caption\":\"Ocean Tours Hondarribia\"},\"image\":{\"@id\":\"https:\\\/\\\/oceantourshondarribia.com\\\/#\\\/schema\\\/logo\\\/image\\\/\"},\"sameAs\":[\"https:\\\/\\\/www.facebook.com\\\/profile.php?id=61558781386255\",\"https:\\\/\\\/www.instagram.com\\\/oceantours_hondarribia\\\/\"]}]}<\/script>\n<!-- \/ Yoast SEO plugin. -->","yoast_head_json":{"title":"Comment se rendre \u00e0 Ozumara? - Ocean Tours Hondarribia","robots":{"index":"index","follow":"follow","max-snippet":"max-snippet:-1","max-image-preview":"max-image-preview:large","max-video-preview":"max-video-preview:-1"},"canonical":"https:\/\/oceantourshondarribia.com\/como-llegar-a-ozumara\/","og_locale":"fr_FR","og_type":"article","og_title":"Comment se rendre \u00e0 Ozumara? - Ocean Tours Hondarribia","og_url":"https:\/\/oceantourshondarribia.com\/como-llegar-a-ozumara\/","og_site_name":"Ocean Tours Hondarribia","article_publisher":"https:\/\/www.facebook.com\/profile.php?id=61558781386255","article_modified_time":"2024-05-19T07:45:07+00:00","twitter_card":"summary_large_image","twitter_misc":{"Dur\u00e9e de lecture estim\u00e9e":"9 minutes"},"schema":{"@context":"https:\/\/schema.org","@graph":[{"@type":"WebPage","@id":"https:\/\/oceantourshondarribia.com\/como-llegar-a-ozumara\/","url":"https:\/\/oceantourshondarribia.com\/como-llegar-a-ozumara\/","name":"Comment se rendre \u00e0 Ozumara? - Ocean Tours Hondarribia","isPartOf":{"@id":"https:\/\/oceantourshondarribia.com\/#website"},"datePublished":"2024-05-11T10:31:00+00:00","dateModified":"2024-05-19T07:45:07+00:00","breadcrumb":{"@id":"https:\/\/oceantourshondarribia.com\/como-llegar-a-ozumara\/#breadcrumb"},"inLanguage":"fr-FR","potentialAction":[{"@type":"ReadAction","target":["https:\/\/oceantourshondarribia.com\/como-llegar-a-ozumara\/"]}]},{"@type":"BreadcrumbList","@id":"https:\/\/oceantourshondarribia.com\/como-llegar-a-ozumara\/#breadcrumb","itemListElement":[{"@type":"ListItem","position":1,"name":"Portada","item":"https:\/\/oceantourshondarribia.com\/fr\/"},{"@type":"ListItem","position":2,"name":"Comment se rendre \u00e0 Ozumara?"}]},{"@type":"WebSite","@id":"https:\/\/oceantourshondarribia.com\/#website","url":"https:\/\/oceantourshondarribia.com\/","name":"Ocean Tours Hondarribia","description":"Rutas en barco por la costa vasca","publisher":{"@id":"https:\/\/oceantourshondarribia.com\/#organization"},"potentialAction":[{"@type":"SearchAction","target":{"@type":"EntryPoint","urlTemplate":"https:\/\/oceantourshondarribia.com\/?s={search_term_string}"},"query-input":{"@type":"PropertyValueSpecification","valueRequired":true,"valueName":"search_term_string"}}],"inLanguage":"fr-FR"},{"@type":"Organization","@id":"https:\/\/oceantourshondarribia.com\/#organization","name":"Ocean Tours Hondarribia","url":"https:\/\/oceantourshondarribia.com\/","logo":{"@type":"ImageObject","inLanguage":"fr-FR","@id":"https:\/\/oceantourshondarribia.com\/#\/schema\/logo\/image\/","url":"https:\/\/oceantourshondarribia.com\/wp-content\/uploads\/2024\/04\/Logos-Ocean-Tours-Hondarribia-01.png","contentUrl":"https:\/\/oceantourshondarribia.com\/wp-content\/uploads\/2024\/04\/Logos-Ocean-Tours-Hondarribia-01.png","width":3803,"height":1396,"caption":"Ocean Tours Hondarribia"},"image":{"@id":"https:\/\/oceantourshondarribia.com\/#\/schema\/logo\/image\/"},"sameAs":["https:\/\/www.facebook.com\/profile.php?id=61558781386255","https:\/\/www.instagram.com\/oceantours_hondarribia\/"]}]}},"_links":{"self":[{"href":"https:\/\/oceantourshondarribia.com\/fr\/wp-json\/wp\/v2\/pages\/2981","targetHints":{"allow":["GET"]}}],"collection":[{"href":"https:\/\/oceantourshondarribia.com\/fr\/wp-json\/wp\/v2\/pages"}],"about":[{"href":"https:\/\/oceantourshondarribia.com\/fr\/wp-json\/wp\/v2\/types\/page"}],"author":[{"embeddable":true,"href":"https:\/\/oceantourshondarribia.com\/fr\/wp-json\/wp\/v2\/users\/1"}],"replies":[{"embeddable":true,"href":"https:\/\/oceantourshondarribia.com\/fr\/wp-json\/wp\/v2\/comments?post=2981"}],"version-history":[{"count":2,"href":"https:\/\/oceantourshondarribia.com\/fr\/wp-json\/wp\/v2\/pages\/2981\/revisions"}],"predecessor-version":[{"id":2983,"href":"https:\/\/oceantourshondarribia.com\/fr\/wp-json\/wp\/v2\/pages\/2981\/revisions\/2983"}],"wp:attachment":[{"href":"https:\/\/oceantourshondarribia.com\/fr\/wp-json\/wp\/v2\/media?parent=2981"}],"curies":[{"name":"wp","href":"https:\/\/api.w.org\/{rel}","templated":true}]}}