{"id":3008,"date":"2024-04-25T18:15:12","date_gmt":"2024-04-25T16:15:12","guid":{"rendered":"https:\/\/oceantourshondarribia.com\/producto\/hondarribia-route-touristique-baignade\/"},"modified":"2025-07-02T10:45:55","modified_gmt":"2025-07-02T08:45:55","slug":"hondarribia-route-touristique-baignade","status":"publish","type":"product","link":"https:\/\/oceantourshondarribia.com\/fr\/produit\/hondarribia-route-touristique-baignade\/","title":{"rendered":"Hondarribia : histoire et d\u00e9gustation gastronomique en mer"},"content":{"rendered":"<p><div class=\"fusion-fullwidth fullwidth-box fusion-builder-row-1 fusion-flex-container has-pattern-background has-mask-background hundred-percent-fullwidth non-hundred-percent-height-scrolling\" style=\"--awb-border-radius-top-left:0px;--awb-border-radius-top-right:0px;--awb-border-radius-bottom-right:0px;--awb-border-radius-bottom-left:0px;--awb-padding-top:0px;--awb-padding-right:30px;--awb-padding-bottom:0px;--awb-padding-left:30px;--awb-padding-right-small:0px;--awb-padding-left-small:0px;--awb-flex-wrap:wrap;\" ><div class=\"fusion-builder-row fusion-row fusion-flex-align-items-stretch fusion-flex-justify-content-center fusion-flex-content-wrap\" style=\"width:104% !important;max-width:104% !important;margin-left: calc(-4% \/ 2 );margin-right: calc(-4% \/ 2 );\"><div class=\"fusion-layout-column fusion_builder_column fusion-builder-column-0 fusion_builder_column_1_1 1_1 fusion-flex-column\" style=\"--awb-bg-size:cover;--awb-width-large:100%;--awb-margin-top-large:0px;--awb-spacing-right-large:0%;--awb-margin-bottom-large:0px;--awb-spacing-left-large:0%;--awb-width-medium:100%;--awb-order-medium:0;--awb-spacing-right-medium:0%;--awb-spacing-left-medium:0%;--awb-width-small:100%;--awb-order-small:0;--awb-spacing-right-small:1.92%;--awb-spacing-left-small:1.92%;\"><div class=\"fusion-column-wrapper fusion-column-has-shadow fusion-flex-justify-content-flex-start fusion-content-layout-column\"><\/div><\/div><\/div><\/div><div class=\"fusion-fullwidth fullwidth-box fusion-builder-row-2 fusion-flex-container has-pattern-background has-mask-background nonhundred-percent-fullwidth non-hundred-percent-height-scrolling\" style=\"--awb-border-radius-top-left:0px;--awb-border-radius-top-right:0px;--awb-border-radius-bottom-right:0px;--awb-border-radius-bottom-left:0px;--awb-padding-top:50px;--awb-padding-bottom:50px;--awb-padding-top-small:50px;--awb-padding-right-small:40px;--awb-padding-bottom-small:40px;--awb-padding-left-small:40px;--awb-margin-bottom-small:0px;--awb-background-color:rgba(183,176,178,0.5);--awb-flex-wrap:wrap;\" ><div class=\"fusion-builder-row fusion-row fusion-flex-align-items-stretch fusion-flex-align-content-center fusion-flex-justify-content-center fusion-flex-content-wrap\" style=\"max-width:1248px;margin-left: calc(-4% \/ 2 );margin-right: calc(-4% \/ 2 );\"><div class=\"fusion-layout-column fusion_builder_column fusion-builder-column-1 fusion_builder_column_2_5 2_5 fusion-flex-column\" style=\"--awb-bg-size:cover;--awb-width-large:40%;--awb-margin-top-large:0px;--awb-spacing-right-large:9.6%;--awb-margin-bottom-large:0px;--awb-spacing-left-large:0%;--awb-width-medium:40%;--awb-order-medium:0;--awb-spacing-right-medium:9.6%;--awb-spacing-left-medium:0%;--awb-width-small:100%;--awb-order-small:0;--awb-spacing-right-small:1.92%;--awb-spacing-left-small:1.92%;\"><div class=\"fusion-column-wrapper fusion-column-has-shadow fusion-flex-justify-content-flex-start fusion-content-layout-column\"><div class=\"fusion-title title fusion-title-1 fusion-sep-none fusion-title-text fusion-title-size-div\" style=\"--awb-text-color:var(--awb-color3);--awb-margin-bottom:10px;--awb-font-size:25px;\"><div class=\"fusion-title-heading title-heading-left title-heading-tag\" style=\"font-family:&quot;Poppins&quot;;font-style:normal;font-weight:500;margin:0;font-size:1em;\">Informations sur l&rsquo;itin\u00e9raire<\/div><\/div><div class=\"fusion-text fusion-text-1\" style=\"--awb-font-size:16px;--awb-line-height:1.4;--awb-text-color:var(--awb-color3);--awb-text-font-family:&quot;Inter&quot;;--awb-text-font-style:normal;--awb-text-font-weight:400;\"><p style=\"text-align: justify;\">Nous commen\u00e7ons par une travers\u00e9e en mer, o\u00f9 vous d\u00e9couvrirez les coins les plus embl\u00e9matiques d&rsquo;Hondarribia, sa c\u00f4te et son patrimoine halieutique d&rsquo;un point de vue privil\u00e9gi\u00e9, gr\u00e2ce \u00e0 un audioguide qui vous surprendra avec des histoires inconnues, des anecdotes, des donn\u00e9es historiques et des curiosit\u00e9s qui vous feront voir le paysage d&rsquo;un \u0153il diff\u00e9rent. D\u00e9couvrez une nouvelle fa\u00e7on de vous connecter \u00e0 l&rsquo;essence du lieu. <\/p>\n<p>Pendant la visite, nous naviguerons le long des bateaux de p\u00eache en activit\u00e9, une occasion unique de voir de pr\u00e8s l&rsquo;atmosph\u00e8re maritime qui d\u00e9finit encore aujourd&rsquo;hui l&rsquo;identit\u00e9 de la ville. Nous jetterons ensuite l&rsquo;ancre dans un endroit paisible pour une d\u00e9gustation gastronomique de produits locaux.<\/p>\n<\/div><\/div><\/div><div class=\"fusion-layout-column fusion_builder_column fusion-builder-column-2 fusion_builder_column_2_5 2_5 fusion-flex-column\" style=\"--awb-padding-top-small:30px;--awb-bg-size:cover;--awb-width-large:40%;--awb-margin-top-large:0px;--awb-spacing-right-large:4.8%;--awb-margin-bottom-large:0px;--awb-spacing-left-large:7.2%;--awb-width-medium:40%;--awb-order-medium:0;--awb-spacing-right-medium:4.8%;--awb-spacing-left-medium:7.2%;--awb-width-small:100%;--awb-order-small:0;--awb-spacing-right-small:1.92%;--awb-spacing-left-small:1.92%;\"><div class=\"fusion-column-wrapper fusion-column-has-shadow fusion-flex-justify-content-flex-start fusion-content-layout-column\"><div class=\"fusion-title title fusion-title-2 fusion-sep-none fusion-title-text fusion-title-size-div\" style=\"--awb-text-color:var(--awb-color3);--awb-margin-bottom:10px;--awb-margin-bottom-small:5px;--awb-font-size:25px;\"><div class=\"fusion-title-heading title-heading-left title-heading-tag\" style=\"font-family:&quot;Poppins&quot;;font-style:normal;font-weight:500;margin:0;font-size:1em;\"><\/div><\/div>\n<p>Dans une ambiance d\u00e9tendue et authentique, vous d\u00e9gusterez une s\u00e9lection soign\u00e9e de fruits de mer p\u00each\u00e9s par les bateaux de la guilde Done Pedro Itsas Gizonen Kofradia, accompagn\u00e9s d&rsquo;un cidre biologique d&rsquo;appellation d&rsquo;origine d&rsquo;Ola Sagardotegia, \u00e9labor\u00e9 exclusivement avec des pommes du Gipuzkoa.<\/p>\n<p>Une exp\u00e9rience pour les sens, en contact direct avec nos racines et con\u00e7ue pour ceux qui recherchent bien plus qu&rsquo;une promenade en bateau : Une exp\u00e9rience inoubliable, locale, savoureuse et 100 % authentique.<\/p>\n<\/div><\/div><\/div><\/div><\/p>\n","protected":false},"excerpt":{"rendered":"[fusion_checklist type=\"icons\" hide_on_mobile=\"small-visibility,medium-visibility,large-visibility\" circle=\"no\" iconcolor=\"var(--awb-color4)\" icon=\"fa-paw fas\" size=\"15px\" textcolor=\"var(--awb-color3)\" item_padding_bottom=\"2px\" item_padding_top=\"2px\"][fusion_li_item icon=\"fa-ship\"]Bateau priv\u00e9[\/fusion_li_item][fusion_li_item icon=\"fa-user far\"]Capacit\u00e9 totale: 6 personnes[\/fusion_li_item][fusion_li_item icon=\"fa-credit-card far\"]Prix: \u00e0 partir de 46\u20ac\/personne[\/fusion_li_item][fusion_li_item icon=\"fa-clock far\"]Dur\u00e9e: 2,5 heures[\/fusion_li_item][fusion_li_item icon=\"fa-utensils\"]D\u00e9gustation gourmande avec des produits locaux[\/fusion_li_item][fusion_li_item icon=\"fa-headphones-alt fas\"]Traducteur simultan\u00e9 en plusieurs langues[\/fusion_li_item]<br \/>\n[fusion_li_item icon=\"fa-headphones-alt fas\"]Guide audio touristique (ES\/EU\/EN\/FR \u00b7 optionnel gratuit)[\/fusion_li_item][\/fusion_checklist]\n[fusion_separator style_type=\"single solid\" hide_on_mobile=\"small-visibility,medium-visibility,large-visibility\" sticky_display=\"normal,sticky\" class=\"\" id=\"\" flex_grow=\"0\" top_margin=\"15px\" bottom_margin=\"15px\" width=\"\" height=\"20\" alignment=\"center\" border_size=\"\" weight=\"\" amount=\"\" sep_color=\"var(--awb-color5)\" hue=\"\" saturation=\"\" lightness=\"\" alpha=\"\" icon=\"\" icon_size=\"\" icon_color=\"\" icon_circle=\"\" icon_circle_color=\"\"][\/fusion_separator]\n<p>Pouvez-vous imaginer naviguer \u00e0 travers des paysages uniques, d\u00e9couvrir l&rsquo;histoire d&rsquo;Hondarribia et d\u00e9guster le meilleur de la mer&#8230; tout cela dans la m\u00eame exp\u00e9rience ? C&rsquo;est d\u00e9sormais possible gr\u00e2ce \u00e0 cet itin\u00e9raire exclusif pour petits groupes, o\u00f9 l&rsquo;histoire, la nature et la gastronomie se c\u00f4toient \u00e0 bord de notre bateau.<\/p>\n","protected":false},"featured_media":7026,"template":"","meta":[],"product_brand":[],"product_cat":[72],"product_tag":[],"class_list":{"0":"post-3008","1":"product","2":"type-product","3":"status-publish","4":"has-post-thumbnail","6":"product_cat-excursions-en-bateau","8":"first","9":"instock","10":"virtual","11":"sold-individually","12":"purchasable","13":"product-type-booking"},"booking_location":"","booking_location_type":"","booking_duration":150,"booking_duration_unit":"minute","booking_buffer":30,"booking_cost":276,"booking_resources":[3007],"yoast_head":"<!-- This site is optimized with the Yoast SEO plugin v27.4 - https:\/\/yoast.com\/product\/yoast-seo-wordpress\/ -->\n<title>Hondarribia : histoire et d\u00e9gustation gastronomique en mer - Ocean Tours Hondarribia<\/title>\n<meta name=\"description\" content=\"Pouvez-vous imaginer naviguer \u00e0 travers des paysages uniques, d\u00e9couvrir l&#039;histoire d&#039;Hondarribia et d\u00e9guster le meilleur de la mer... tout cela dans la m\u00eame exp\u00e9rience ?\" \/>\n<meta name=\"robots\" content=\"index, follow, max-snippet:-1, max-image-preview:large, max-video-preview:-1\" \/>\n<link rel=\"canonical\" href=\"https:\/\/oceantourshondarribia.com\/fr\/produit\/hondarribia-route-touristique-baignade\/\" \/>\n<meta property=\"og:locale\" content=\"fr_FR\" \/>\n<meta property=\"og:type\" content=\"article\" \/>\n<meta property=\"og:title\" content=\"Hondarribia : histoire et d\u00e9gustation gastronomique en mer - Ocean Tours Hondarribia\" \/>\n<meta property=\"og:description\" content=\"Pouvez-vous imaginer naviguer \u00e0 travers des paysages uniques, d\u00e9couvrir l&#039;histoire d&#039;Hondarribia et d\u00e9guster le meilleur de la mer... tout cela dans la m\u00eame exp\u00e9rience ?\" \/>\n<meta property=\"og:url\" content=\"https:\/\/oceantourshondarribia.com\/fr\/produit\/hondarribia-route-touristique-baignade\/\" \/>\n<meta property=\"og:site_name\" content=\"Ocean Tours Hondarribia\" \/>\n<meta property=\"article:publisher\" content=\"https:\/\/www.facebook.com\/profile.php?id=61558781386255\" \/>\n<meta property=\"article:modified_time\" content=\"2025-07-02T08:45:55+00:00\" \/>\n<meta property=\"og:image\" content=\"https:\/\/oceantourshondarribia.com\/wp-content\/uploads\/2025\/05\/Hondarribia-historia-y-degustacion-gourmet-en-el-mar-Ocean-Tours-Hondarribia-scaled.jpg\" \/>\n\t<meta property=\"og:image:width\" content=\"2560\" \/>\n\t<meta property=\"og:image:height\" content=\"2560\" \/>\n\t<meta property=\"og:image:type\" content=\"image\/jpeg\" \/>\n<meta name=\"twitter:card\" content=\"summary_large_image\" \/>\n<meta name=\"twitter:label1\" content=\"Dur\u00e9e de lecture estim\u00e9e\" \/>\n\t<meta name=\"twitter:data1\" content=\"2 minutes\" \/>\n<script type=\"application\/ld+json\" class=\"yoast-schema-graph\">{\"@context\":\"https:\\\/\\\/schema.org\",\"@graph\":[{\"@type\":\"WebPage\",\"@id\":\"https:\\\/\\\/oceantourshondarribia.com\\\/fr\\\/produit\\\/hondarribia-route-touristique-baignade\\\/\",\"url\":\"https:\\\/\\\/oceantourshondarribia.com\\\/fr\\\/produit\\\/hondarribia-route-touristique-baignade\\\/\",\"name\":\"Hondarribia : histoire et d\u00e9gustation gastronomique en mer - Ocean Tours Hondarribia\",\"isPartOf\":{\"@id\":\"https:\\\/\\\/oceantourshondarribia.com\\\/#website\"},\"primaryImageOfPage\":{\"@id\":\"https:\\\/\\\/oceantourshondarribia.com\\\/fr\\\/produit\\\/hondarribia-route-touristique-baignade\\\/#primaryimage\"},\"image\":{\"@id\":\"https:\\\/\\\/oceantourshondarribia.com\\\/fr\\\/produit\\\/hondarribia-route-touristique-baignade\\\/#primaryimage\"},\"thumbnailUrl\":\"https:\\\/\\\/oceantourshondarribia.com\\\/wp-content\\\/uploads\\\/2025\\\/05\\\/Hondarribia-historia-y-degustacion-gourmet-en-el-mar-Ocean-Tours-Hondarribia-scaled.jpg\",\"datePublished\":\"2024-04-25T16:15:12+00:00\",\"dateModified\":\"2025-07-02T08:45:55+00:00\",\"description\":\"Pouvez-vous imaginer naviguer \u00e0 travers des paysages uniques, d\u00e9couvrir l'histoire d'Hondarribia et d\u00e9guster le meilleur de la mer... tout cela dans la m\u00eame exp\u00e9rience ?\",\"breadcrumb\":{\"@id\":\"https:\\\/\\\/oceantourshondarribia.com\\\/fr\\\/produit\\\/hondarribia-route-touristique-baignade\\\/#breadcrumb\"},\"inLanguage\":\"fr-FR\",\"potentialAction\":[{\"@type\":\"ReadAction\",\"target\":[\"https:\\\/\\\/oceantourshondarribia.com\\\/fr\\\/produit\\\/hondarribia-route-touristique-baignade\\\/\"]}]},{\"@type\":\"ImageObject\",\"inLanguage\":\"fr-FR\",\"@id\":\"https:\\\/\\\/oceantourshondarribia.com\\\/fr\\\/produit\\\/hondarribia-route-touristique-baignade\\\/#primaryimage\",\"url\":\"https:\\\/\\\/oceantourshondarribia.com\\\/wp-content\\\/uploads\\\/2025\\\/05\\\/Hondarribia-historia-y-degustacion-gourmet-en-el-mar-Ocean-Tours-Hondarribia-scaled.jpg\",\"contentUrl\":\"https:\\\/\\\/oceantourshondarribia.com\\\/wp-content\\\/uploads\\\/2025\\\/05\\\/Hondarribia-historia-y-degustacion-gourmet-en-el-mar-Ocean-Tours-Hondarribia-scaled.jpg\",\"width\":2560,\"height\":2560},{\"@type\":\"BreadcrumbList\",\"@id\":\"https:\\\/\\\/oceantourshondarribia.com\\\/fr\\\/produit\\\/hondarribia-route-touristique-baignade\\\/#breadcrumb\",\"itemListElement\":[{\"@type\":\"ListItem\",\"position\":1,\"name\":\"Portada\",\"item\":\"https:\\\/\\\/oceantourshondarribia.com\\\/fr\\\/\"},{\"@type\":\"ListItem\",\"position\":2,\"name\":\"Boutique\",\"item\":\"https:\\\/\\\/oceantourshondarribia.com\\\/tienda\\\/\"},{\"@type\":\"ListItem\",\"position\":3,\"name\":\"Hondarribia : histoire et d\u00e9gustation gastronomique en mer\"}]},{\"@type\":\"WebSite\",\"@id\":\"https:\\\/\\\/oceantourshondarribia.com\\\/#website\",\"url\":\"https:\\\/\\\/oceantourshondarribia.com\\\/\",\"name\":\"Ocean Tours Hondarribia\",\"description\":\"Rutas en barco por la costa vasca\",\"publisher\":{\"@id\":\"https:\\\/\\\/oceantourshondarribia.com\\\/#organization\"},\"potentialAction\":[{\"@type\":\"SearchAction\",\"target\":{\"@type\":\"EntryPoint\",\"urlTemplate\":\"https:\\\/\\\/oceantourshondarribia.com\\\/?s={search_term_string}\"},\"query-input\":{\"@type\":\"PropertyValueSpecification\",\"valueRequired\":true,\"valueName\":\"search_term_string\"}}],\"inLanguage\":\"fr-FR\"},{\"@type\":\"Organization\",\"@id\":\"https:\\\/\\\/oceantourshondarribia.com\\\/#organization\",\"name\":\"Ocean Tours Hondarribia\",\"url\":\"https:\\\/\\\/oceantourshondarribia.com\\\/\",\"logo\":{\"@type\":\"ImageObject\",\"inLanguage\":\"fr-FR\",\"@id\":\"https:\\\/\\\/oceantourshondarribia.com\\\/#\\\/schema\\\/logo\\\/image\\\/\",\"url\":\"https:\\\/\\\/oceantourshondarribia.com\\\/wp-content\\\/uploads\\\/2024\\\/04\\\/Logos-Ocean-Tours-Hondarribia-01.png\",\"contentUrl\":\"https:\\\/\\\/oceantourshondarribia.com\\\/wp-content\\\/uploads\\\/2024\\\/04\\\/Logos-Ocean-Tours-Hondarribia-01.png\",\"width\":3803,\"height\":1396,\"caption\":\"Ocean Tours Hondarribia\"},\"image\":{\"@id\":\"https:\\\/\\\/oceantourshondarribia.com\\\/#\\\/schema\\\/logo\\\/image\\\/\"},\"sameAs\":[\"https:\\\/\\\/www.facebook.com\\\/profile.php?id=61558781386255\",\"https:\\\/\\\/www.instagram.com\\\/oceantours_hondarribia\\\/\"]}]}<\/script>\n<!-- \/ Yoast SEO plugin. -->","yoast_head_json":{"title":"Hondarribia : histoire et d\u00e9gustation gastronomique en mer - Ocean Tours Hondarribia","description":"Pouvez-vous imaginer naviguer \u00e0 travers des paysages uniques, d\u00e9couvrir l'histoire d'Hondarribia et d\u00e9guster le meilleur de la mer... tout cela dans la m\u00eame exp\u00e9rience ?","robots":{"index":"index","follow":"follow","max-snippet":"max-snippet:-1","max-image-preview":"max-image-preview:large","max-video-preview":"max-video-preview:-1"},"canonical":"https:\/\/oceantourshondarribia.com\/fr\/produit\/hondarribia-route-touristique-baignade\/","og_locale":"fr_FR","og_type":"article","og_title":"Hondarribia : histoire et d\u00e9gustation gastronomique en mer - Ocean Tours Hondarribia","og_description":"Pouvez-vous imaginer naviguer \u00e0 travers des paysages uniques, d\u00e9couvrir l'histoire d'Hondarribia et d\u00e9guster le meilleur de la mer... tout cela dans la m\u00eame exp\u00e9rience ?","og_url":"https:\/\/oceantourshondarribia.com\/fr\/produit\/hondarribia-route-touristique-baignade\/","og_site_name":"Ocean Tours Hondarribia","article_publisher":"https:\/\/www.facebook.com\/profile.php?id=61558781386255","article_modified_time":"2025-07-02T08:45:55+00:00","og_image":[{"width":2560,"height":2560,"url":"https:\/\/oceantourshondarribia.com\/wp-content\/uploads\/2025\/05\/Hondarribia-historia-y-degustacion-gourmet-en-el-mar-Ocean-Tours-Hondarribia-scaled.jpg","type":"image\/jpeg"}],"twitter_card":"summary_large_image","twitter_misc":{"Dur\u00e9e de lecture estim\u00e9e":"2 minutes"},"schema":{"@context":"https:\/\/schema.org","@graph":[{"@type":"WebPage","@id":"https:\/\/oceantourshondarribia.com\/fr\/produit\/hondarribia-route-touristique-baignade\/","url":"https:\/\/oceantourshondarribia.com\/fr\/produit\/hondarribia-route-touristique-baignade\/","name":"Hondarribia : histoire et d\u00e9gustation gastronomique en mer - Ocean Tours Hondarribia","isPartOf":{"@id":"https:\/\/oceantourshondarribia.com\/#website"},"primaryImageOfPage":{"@id":"https:\/\/oceantourshondarribia.com\/fr\/produit\/hondarribia-route-touristique-baignade\/#primaryimage"},"image":{"@id":"https:\/\/oceantourshondarribia.com\/fr\/produit\/hondarribia-route-touristique-baignade\/#primaryimage"},"thumbnailUrl":"https:\/\/oceantourshondarribia.com\/wp-content\/uploads\/2025\/05\/Hondarribia-historia-y-degustacion-gourmet-en-el-mar-Ocean-Tours-Hondarribia-scaled.jpg","datePublished":"2024-04-25T16:15:12+00:00","dateModified":"2025-07-02T08:45:55+00:00","description":"Pouvez-vous imaginer naviguer \u00e0 travers des paysages uniques, d\u00e9couvrir l'histoire d'Hondarribia et d\u00e9guster le meilleur de la mer... tout cela dans la m\u00eame exp\u00e9rience ?","breadcrumb":{"@id":"https:\/\/oceantourshondarribia.com\/fr\/produit\/hondarribia-route-touristique-baignade\/#breadcrumb"},"inLanguage":"fr-FR","potentialAction":[{"@type":"ReadAction","target":["https:\/\/oceantourshondarribia.com\/fr\/produit\/hondarribia-route-touristique-baignade\/"]}]},{"@type":"ImageObject","inLanguage":"fr-FR","@id":"https:\/\/oceantourshondarribia.com\/fr\/produit\/hondarribia-route-touristique-baignade\/#primaryimage","url":"https:\/\/oceantourshondarribia.com\/wp-content\/uploads\/2025\/05\/Hondarribia-historia-y-degustacion-gourmet-en-el-mar-Ocean-Tours-Hondarribia-scaled.jpg","contentUrl":"https:\/\/oceantourshondarribia.com\/wp-content\/uploads\/2025\/05\/Hondarribia-historia-y-degustacion-gourmet-en-el-mar-Ocean-Tours-Hondarribia-scaled.jpg","width":2560,"height":2560},{"@type":"BreadcrumbList","@id":"https:\/\/oceantourshondarribia.com\/fr\/produit\/hondarribia-route-touristique-baignade\/#breadcrumb","itemListElement":[{"@type":"ListItem","position":1,"name":"Portada","item":"https:\/\/oceantourshondarribia.com\/fr\/"},{"@type":"ListItem","position":2,"name":"Boutique","item":"https:\/\/oceantourshondarribia.com\/tienda\/"},{"@type":"ListItem","position":3,"name":"Hondarribia : histoire et d\u00e9gustation gastronomique en mer"}]},{"@type":"WebSite","@id":"https:\/\/oceantourshondarribia.com\/#website","url":"https:\/\/oceantourshondarribia.com\/","name":"Ocean Tours Hondarribia","description":"Rutas en barco por la costa vasca","publisher":{"@id":"https:\/\/oceantourshondarribia.com\/#organization"},"potentialAction":[{"@type":"SearchAction","target":{"@type":"EntryPoint","urlTemplate":"https:\/\/oceantourshondarribia.com\/?s={search_term_string}"},"query-input":{"@type":"PropertyValueSpecification","valueRequired":true,"valueName":"search_term_string"}}],"inLanguage":"fr-FR"},{"@type":"Organization","@id":"https:\/\/oceantourshondarribia.com\/#organization","name":"Ocean Tours Hondarribia","url":"https:\/\/oceantourshondarribia.com\/","logo":{"@type":"ImageObject","inLanguage":"fr-FR","@id":"https:\/\/oceantourshondarribia.com\/#\/schema\/logo\/image\/","url":"https:\/\/oceantourshondarribia.com\/wp-content\/uploads\/2024\/04\/Logos-Ocean-Tours-Hondarribia-01.png","contentUrl":"https:\/\/oceantourshondarribia.com\/wp-content\/uploads\/2024\/04\/Logos-Ocean-Tours-Hondarribia-01.png","width":3803,"height":1396,"caption":"Ocean Tours Hondarribia"},"image":{"@id":"https:\/\/oceantourshondarribia.com\/#\/schema\/logo\/image\/"},"sameAs":["https:\/\/www.facebook.com\/profile.php?id=61558781386255","https:\/\/www.instagram.com\/oceantours_hondarribia\/"]}]}},"_links":{"self":[{"href":"https:\/\/oceantourshondarribia.com\/fr\/wp-json\/wp\/v2\/product\/3008","targetHints":{"allow":["GET"]}}],"collection":[{"href":"https:\/\/oceantourshondarribia.com\/fr\/wp-json\/wp\/v2\/product"}],"about":[{"href":"https:\/\/oceantourshondarribia.com\/fr\/wp-json\/wp\/v2\/types\/product"}],"wp:featuredmedia":[{"embeddable":true,"href":"https:\/\/oceantourshondarribia.com\/fr\/wp-json\/wp\/v2\/media\/7026"}],"wp:attachment":[{"href":"https:\/\/oceantourshondarribia.com\/fr\/wp-json\/wp\/v2\/media?parent=3008"}],"wp:term":[{"taxonomy":"product_brand","embeddable":true,"href":"https:\/\/oceantourshondarribia.com\/fr\/wp-json\/wp\/v2\/product_brand?post=3008"},{"taxonomy":"product_cat","embeddable":true,"href":"https:\/\/oceantourshondarribia.com\/fr\/wp-json\/wp\/v2\/product_cat?post=3008"},{"taxonomy":"product_tag","embeddable":true,"href":"https:\/\/oceantourshondarribia.com\/fr\/wp-json\/wp\/v2\/product_tag?post=3008"}],"curies":[{"name":"wp","href":"https:\/\/api.w.org\/{rel}","templated":true}]}}