{"id":3013,"date":"2024-04-26T16:20:32","date_gmt":"2024-04-26T14:20:32","guid":{"rendered":"https:\/\/oceantourshondarribia.com\/producto\/sortie-de-peche-de-8-heures\/"},"modified":"2024-05-19T16:59:10","modified_gmt":"2024-05-19T14:59:10","slug":"sortie-de-peche-de-8-heures","status":"publish","type":"product","link":"https:\/\/oceantourshondarribia.com\/fr\/produit\/sortie-de-peche-de-8-heures\/","title":{"rendered":"Sortie de p\u00eache de 8 heures"},"content":{"rendered":"<div class=\"fusion-fullwidth fullwidth-box fusion-builder-row-1 fusion-flex-container has-pattern-background has-mask-background nonhundred-percent-fullwidth non-hundred-percent-height-scrolling\" style=\"--awb-border-radius-top-left:0px;--awb-border-radius-top-right:0px;--awb-border-radius-bottom-right:0px;--awb-border-radius-bottom-left:0px;--awb-padding-top:50px;--awb-padding-bottom:50px;--awb-padding-top-small:50px;--awb-padding-right-small:40px;--awb-padding-bottom-small:40px;--awb-padding-left-small:40px;--awb-margin-bottom-small:0px;--awb-background-color:var(--awb-color2);--awb-flex-wrap:wrap;\" ><div class=\"fusion-builder-row fusion-row fusion-flex-align-items-stretch fusion-flex-align-content-center fusion-flex-justify-content-center fusion-flex-content-wrap\" style=\"max-width:1248px;margin-left: calc(-4% \/ 2 );margin-right: calc(-4% \/ 2 );\"><div class=\"fusion-layout-column fusion_builder_column fusion-builder-column-0 fusion_builder_column_1_2 1_2 fusion-flex-column\" style=\"--awb-bg-size:cover;--awb-width-large:50%;--awb-margin-top-large:0px;--awb-spacing-right-large:7.68%;--awb-margin-bottom-large:0px;--awb-spacing-left-large:0%;--awb-width-medium:50%;--awb-order-medium:0;--awb-spacing-right-medium:7.68%;--awb-spacing-left-medium:0%;--awb-width-small:100%;--awb-order-small:0;--awb-spacing-right-small:1.92%;--awb-spacing-left-small:1.92%;\"><div class=\"fusion-column-wrapper fusion-column-has-shadow fusion-flex-justify-content-flex-start fusion-content-layout-column\"><div class=\"fusion-title title fusion-title-1 fusion-sep-none fusion-title-center fusion-title-text fusion-title-size-div\" style=\"--awb-text-color:var(--awb-color3);--awb-margin-bottom:10px;--awb-font-size:25px;\"><div class=\"fusion-title-heading title-heading-center title-heading-tag\" style=\"font-family:&quot;Poppins&quot;;font-style:normal;font-weight:500;margin:0;font-size:1em;\">Techniques de p\u00eache<\/div><\/div><div class=\"fusion-text fusion-text-1\" style=\"--awb-font-size:16px;--awb-line-height:1.4;--awb-text-color:var(--awb-color3);--awb-text-font-family:&quot;Inter&quot;;--awb-text-font-style:normal;--awb-text-font-weight:400;\"><p style=\"text-align: justify;\">Les techniques appliqu\u00e9es lors de ces sorties seront la p\u00eache traditionnelle, le tenya, le slow jigging (turluttes, vinyles et inchikus) gr\u00e2ce auxquels vous pourrez capturer des esp\u00e8ces telles que le rouget, le vivaneau, la dorade, la br\u00e8me, la br\u00e8me ou muxarra, la seiche, etc.<\/p>\n<\/div><\/div><\/div><\/div><\/div>\n","protected":false},"excerpt":{"rendered":"[fusion_builder_container type=\"flex\" hundred_percent=\"no\" hundred_percent_height=\"no\" hundred_percent_height_scroll=\"no\" align_content=\"stretch\" flex_align_items=\"flex-start\" flex_justify_content=\"flex-start\" flex_wrap=\"wrap\" hundred_percent_height_center_content=\"yes\" equal_height_columns=\"no\" container_tag=\"div\" hide_on_mobile=\"small-visibility,medium-visibility,large-visibility\" status=\"published\" border_style=\"solid\" box_shadow=\"no\" box_shadow_blur=\"0\" box_shadow_spread=\"0\" gradient_start_position=\"0\" gradient_end_position=\"100\" gradient_type=\"linear\" radial_direction=\"center center\" linear_angle=\"180\" background_position=\"center center\" background_repeat=\"no-repeat\" fade=\"no\" background_parallax=\"none\" enable_mobile=\"no\" parallax_speed=\"0.3\" background_blend_mode=\"none\" background_slider_skip_lazy_loading=\"no\" background_slider_loop=\"yes\" background_slider_pause_on_hover=\"no\" background_slider_slideshow_speed=\"5000\" background_slider_animation=\"fade\" background_slider_direction=\"up\" background_slider_animation_speed=\"800\" video_aspect_ratio=\"16:9\" video_loop=\"yes\" video_mute=\"yes\" pattern_bg=\"none\" pattern_bg_style=\"default\" pattern_bg_opacity=\"100\" pattern_bg_blend_mode=\"normal\" mask_bg=\"none\" mask_bg_style=\"default\" mask_bg_opacity=\"100\" mask_bg_transform=\"left\" mask_bg_blend_mode=\"normal\" absolute=\"off\" absolute_devices=\"small,medium,large\" sticky=\"off\" sticky_devices=\"small-visibility,medium-visibility,large-visibility\" sticky_transition_offset=\"0\" scroll_offset=\"0\" animation_direction=\"left\" animation_speed=\"0.3\" animation_delay=\"0\" filter_hue=\"0\" filter_saturation=\"100\" filter_brightness=\"100\" filter_contrast=\"100\" filter_invert=\"0\" filter_sepia=\"0\" filter_opacity=\"100\" filter_blur=\"0\" filter_hue_hover=\"0\" filter_saturation_hover=\"100\" filter_brightness_hover=\"100\" filter_contrast_hover=\"100\" filter_invert_hover=\"0\" filter_sepia_hover=\"0\" filter_opacity_hover=\"100\" filter_blur_hover=\"0\"][fusion_builder_row][fusion_builder_column type=\"1_1\" layout=\"1_1\" align_self=\"auto\" content_layout=\"column\" align_content=\"flex-start\" valign_content=\"flex-start\" content_wrap=\"wrap\" center_content=\"no\" column_tag=\"div\" target=\"_self\" hide_on_mobile=\"small-visibility,medium-visibility,large-visibility\" sticky_display=\"normal,sticky\" order_medium=\"0\" order_small=\"0\" hover_type=\"none\" border_style=\"solid\" box_shadow=\"no\" box_shadow_blur=\"0\" box_shadow_spread=\"0\" background_type=\"single\" gradient_start_position=\"0\" gradient_end_position=\"100\" gradient_type=\"linear\" radial_direction=\"center center\" linear_angle=\"180\" lazy_load=\"avada\" background_position=\"left top\" background_repeat=\"no-repeat\" background_blend_mode=\"none\" background_slider_skip_lazy_loading=\"no\" background_slider_loop=\"yes\" background_slider_pause_on_hover=\"no\" background_slider_slideshow_speed=\"5000\" background_slider_animation=\"fade\" background_slider_direction=\"up\" background_slider_animation_speed=\"800\" sticky=\"off\" sticky_devices=\"small-visibility,medium-visibility,large-visibility\" absolute=\"off\" filter_type=\"regular\" filter_hover_element=\"self\" filter_hue=\"0\" filter_saturation=\"100\" filter_brightness=\"100\" filter_contrast=\"100\" filter_invert=\"0\" filter_sepia=\"0\" filter_opacity=\"100\" filter_blur=\"0\" filter_hue_hover=\"0\" filter_saturation_hover=\"100\" filter_brightness_hover=\"100\" filter_contrast_hover=\"100\" filter_invert_hover=\"0\" filter_sepia_hover=\"0\" filter_opacity_hover=\"100\" filter_blur_hover=\"0\" transform_type=\"regular\" transform_hover_element=\"self\" transform_scale_x=\"1\" transform_scale_y=\"1\" transform_translate_x=\"0\" transform_translate_y=\"0\" transform_rotate=\"0\" transform_skew_x=\"0\" transform_skew_y=\"0\" transform_scale_x_hover=\"1\" transform_scale_y_hover=\"1\" transform_translate_x_hover=\"0\" transform_translate_y_hover=\"0\" transform_rotate_hover=\"0\" transform_skew_x_hover=\"0\" transform_skew_y_hover=\"0\" transition_duration=\"300\" transition_easing=\"ease\" scroll_motion_devices=\"small-visibility,medium-visibility,large-visibility\" animation_direction=\"left\" animation_speed=\"0.3\" animation_delay=\"0\" last=\"true\" border_position=\"all\" first=\"true\" min_height=\"\" link=\"\"][fusion_checklist type=\"icons\" hide_on_mobile=\"small-visibility,medium-visibility,large-visibility\" circle=\"no\" iconcolor=\"var(--awb-color4)\" icon=\"fa-paw fas\" size=\"15px\" textcolor=\"var(--awb-color3)\" item_padding_bottom=\"2px\" item_padding_top=\"2px\"][fusion_li_item icon=\"fa-credit-card far\"]<\/p>\n<p>Prix: \u00e0 partir de 115\u20ac\/personne<\/p>\n<p>[\/fusion_li_item][fusion_li_item icon=\"fa-clock far\"]<\/p>\n<p>Dur\u00e9e: 8 heures<\/p>\n<p>[\/fusion_li_item][fusion_li_item icon=\"fa-fish fas\"]<\/p>\n<p>Mat\u00e9riel de p\u00eache<\/p>\n<p>[\/fusion_li_item][fusion_li_item icon=\"fa-cocktail fas\"]<\/p>\n<p>Collation et boisson (non alcoolis\u00e9e)<\/p>\n<p>[\/fusion_li_item][fusion_li_item icon=\"fa-headphones-alt fas\"]Traducteur simultan\u00e9 en plusieurs langues[\/fusion_li_item][fusion_li_item icon=\"fa-user far\"]<\/p>\n<p>Nombre total de places: 5 personnes<\/p>\n<p>[\/fusion_li_item][\/fusion_checklist][\/fusion_builder_column][\/fusion_builder_row][\/fusion_builder_container]\n<p>Avec Ocean Tours Hondarribia, vous pourrez profiter d&rsquo;une journ\u00e9e compl\u00e8te de p\u00eache de 8 heures en bateau ancr\u00e9 ou en p\u00eache verticale.<\/p>\n","protected":false},"featured_media":2471,"template":"","meta":[],"product_brand":[],"product_cat":[73],"product_tag":[],"class_list":{"0":"post-3013","1":"product","2":"type-product","3":"status-publish","4":"has-post-thumbnail","6":"product_cat-peche","8":"first","9":"instock","10":"virtual","11":"sold-individually","12":"purchasable","13":"product-type-booking"},"booking_location":"","booking_location_type":"","booking_duration":480,"booking_duration_unit":"minute","booking_buffer":0,"booking_cost":0,"booking_resources":[3007],"yoast_head":"<!-- This site is optimized with the Yoast SEO plugin v27.4 - https:\/\/yoast.com\/product\/yoast-seo-wordpress\/ -->\n<title>Sortie de p\u00eache de 8 heures - Ocean Tours Hondarribia<\/title>\n<meta name=\"robots\" content=\"index, follow, max-snippet:-1, max-image-preview:large, max-video-preview:-1\" \/>\n<link rel=\"canonical\" href=\"https:\/\/oceantourshondarribia.com\/fr\/produit\/sortie-de-peche-de-8-heures\/\" \/>\n<meta property=\"og:locale\" content=\"fr_FR\" \/>\n<meta property=\"og:type\" content=\"article\" \/>\n<meta property=\"og:title\" content=\"Sortie de p\u00eache de 8 heures - Ocean Tours Hondarribia\" \/>\n<meta property=\"og:description\" content=\"Avec Ocean Tours Hondarribia, vous pourrez profiter d&#039;une journ\u00e9e compl\u00e8te de p\u00eache de 8 heures en bateau ancr\u00e9 ou en p\u00eache verticale.\" \/>\n<meta property=\"og:url\" content=\"https:\/\/oceantourshondarribia.com\/fr\/produit\/sortie-de-peche-de-8-heures\/\" \/>\n<meta property=\"og:site_name\" content=\"Ocean Tours Hondarribia\" \/>\n<meta property=\"article:publisher\" content=\"https:\/\/www.facebook.com\/profile.php?id=61558781386255\" \/>\n<meta property=\"article:modified_time\" content=\"2024-05-19T14:59:10+00:00\" \/>\n<meta property=\"og:image\" content=\"https:\/\/oceantourshondarribia.com\/wp-content\/uploads\/2024\/04\/Ocean-Tours-Hondarribia-pesca8.jpg\" \/>\n\t<meta property=\"og:image:width\" content=\"1600\" \/>\n\t<meta property=\"og:image:height\" content=\"1067\" \/>\n\t<meta property=\"og:image:type\" content=\"image\/jpeg\" \/>\n<meta name=\"twitter:card\" content=\"summary_large_image\" \/>\n<meta name=\"twitter:label1\" content=\"Dur\u00e9e de lecture estim\u00e9e\" \/>\n\t<meta name=\"twitter:data1\" content=\"4 minutes\" \/>\n<script type=\"application\/ld+json\" class=\"yoast-schema-graph\">{\"@context\":\"https:\\\/\\\/schema.org\",\"@graph\":[{\"@type\":\"WebPage\",\"@id\":\"https:\\\/\\\/oceantourshondarribia.com\\\/fr\\\/produit\\\/sortie-de-peche-de-8-heures\\\/\",\"url\":\"https:\\\/\\\/oceantourshondarribia.com\\\/fr\\\/produit\\\/sortie-de-peche-de-8-heures\\\/\",\"name\":\"Sortie de p\u00eache de 8 heures - Ocean Tours Hondarribia\",\"isPartOf\":{\"@id\":\"https:\\\/\\\/oceantourshondarribia.com\\\/#website\"},\"primaryImageOfPage\":{\"@id\":\"https:\\\/\\\/oceantourshondarribia.com\\\/fr\\\/produit\\\/sortie-de-peche-de-8-heures\\\/#primaryimage\"},\"image\":{\"@id\":\"https:\\\/\\\/oceantourshondarribia.com\\\/fr\\\/produit\\\/sortie-de-peche-de-8-heures\\\/#primaryimage\"},\"thumbnailUrl\":\"https:\\\/\\\/oceantourshondarribia.com\\\/wp-content\\\/uploads\\\/2024\\\/04\\\/Ocean-Tours-Hondarribia-pesca8.jpg\",\"datePublished\":\"2024-04-26T14:20:32+00:00\",\"dateModified\":\"2024-05-19T14:59:10+00:00\",\"breadcrumb\":{\"@id\":\"https:\\\/\\\/oceantourshondarribia.com\\\/fr\\\/produit\\\/sortie-de-peche-de-8-heures\\\/#breadcrumb\"},\"inLanguage\":\"fr-FR\",\"potentialAction\":[{\"@type\":\"ReadAction\",\"target\":[\"https:\\\/\\\/oceantourshondarribia.com\\\/fr\\\/produit\\\/sortie-de-peche-de-8-heures\\\/\"]}]},{\"@type\":\"ImageObject\",\"inLanguage\":\"fr-FR\",\"@id\":\"https:\\\/\\\/oceantourshondarribia.com\\\/fr\\\/produit\\\/sortie-de-peche-de-8-heures\\\/#primaryimage\",\"url\":\"https:\\\/\\\/oceantourshondarribia.com\\\/wp-content\\\/uploads\\\/2024\\\/04\\\/Ocean-Tours-Hondarribia-pesca8.jpg\",\"contentUrl\":\"https:\\\/\\\/oceantourshondarribia.com\\\/wp-content\\\/uploads\\\/2024\\\/04\\\/Ocean-Tours-Hondarribia-pesca8.jpg\",\"width\":1600,\"height\":1067,\"caption\":\"Ocean Tours Hondarribia - Rutas en barco para pescar\"},{\"@type\":\"BreadcrumbList\",\"@id\":\"https:\\\/\\\/oceantourshondarribia.com\\\/fr\\\/produit\\\/sortie-de-peche-de-8-heures\\\/#breadcrumb\",\"itemListElement\":[{\"@type\":\"ListItem\",\"position\":1,\"name\":\"Portada\",\"item\":\"https:\\\/\\\/oceantourshondarribia.com\\\/fr\\\/\"},{\"@type\":\"ListItem\",\"position\":2,\"name\":\"Boutique\",\"item\":\"https:\\\/\\\/oceantourshondarribia.com\\\/tienda\\\/\"},{\"@type\":\"ListItem\",\"position\":3,\"name\":\"Sortie de p\u00eache de 8 heures\"}]},{\"@type\":\"WebSite\",\"@id\":\"https:\\\/\\\/oceantourshondarribia.com\\\/#website\",\"url\":\"https:\\\/\\\/oceantourshondarribia.com\\\/\",\"name\":\"Ocean Tours Hondarribia\",\"description\":\"Rutas en barco por la costa vasca\",\"publisher\":{\"@id\":\"https:\\\/\\\/oceantourshondarribia.com\\\/#organization\"},\"potentialAction\":[{\"@type\":\"SearchAction\",\"target\":{\"@type\":\"EntryPoint\",\"urlTemplate\":\"https:\\\/\\\/oceantourshondarribia.com\\\/?s={search_term_string}\"},\"query-input\":{\"@type\":\"PropertyValueSpecification\",\"valueRequired\":true,\"valueName\":\"search_term_string\"}}],\"inLanguage\":\"fr-FR\"},{\"@type\":\"Organization\",\"@id\":\"https:\\\/\\\/oceantourshondarribia.com\\\/#organization\",\"name\":\"Ocean Tours Hondarribia\",\"url\":\"https:\\\/\\\/oceantourshondarribia.com\\\/\",\"logo\":{\"@type\":\"ImageObject\",\"inLanguage\":\"fr-FR\",\"@id\":\"https:\\\/\\\/oceantourshondarribia.com\\\/#\\\/schema\\\/logo\\\/image\\\/\",\"url\":\"https:\\\/\\\/oceantourshondarribia.com\\\/wp-content\\\/uploads\\\/2024\\\/04\\\/Logos-Ocean-Tours-Hondarribia-01.png\",\"contentUrl\":\"https:\\\/\\\/oceantourshondarribia.com\\\/wp-content\\\/uploads\\\/2024\\\/04\\\/Logos-Ocean-Tours-Hondarribia-01.png\",\"width\":3803,\"height\":1396,\"caption\":\"Ocean Tours Hondarribia\"},\"image\":{\"@id\":\"https:\\\/\\\/oceantourshondarribia.com\\\/#\\\/schema\\\/logo\\\/image\\\/\"},\"sameAs\":[\"https:\\\/\\\/www.facebook.com\\\/profile.php?id=61558781386255\",\"https:\\\/\\\/www.instagram.com\\\/oceantours_hondarribia\\\/\"]}]}<\/script>\n<!-- \/ Yoast SEO plugin. -->","yoast_head_json":{"title":"Sortie de p\u00eache de 8 heures - Ocean Tours Hondarribia","robots":{"index":"index","follow":"follow","max-snippet":"max-snippet:-1","max-image-preview":"max-image-preview:large","max-video-preview":"max-video-preview:-1"},"canonical":"https:\/\/oceantourshondarribia.com\/fr\/produit\/sortie-de-peche-de-8-heures\/","og_locale":"fr_FR","og_type":"article","og_title":"Sortie de p\u00eache de 8 heures - Ocean Tours Hondarribia","og_description":"Avec Ocean Tours Hondarribia, vous pourrez profiter d'une journ\u00e9e compl\u00e8te de p\u00eache de 8 heures en bateau ancr\u00e9 ou en p\u00eache verticale.","og_url":"https:\/\/oceantourshondarribia.com\/fr\/produit\/sortie-de-peche-de-8-heures\/","og_site_name":"Ocean Tours Hondarribia","article_publisher":"https:\/\/www.facebook.com\/profile.php?id=61558781386255","article_modified_time":"2024-05-19T14:59:10+00:00","og_image":[{"width":1600,"height":1067,"url":"https:\/\/oceantourshondarribia.com\/wp-content\/uploads\/2024\/04\/Ocean-Tours-Hondarribia-pesca8.jpg","type":"image\/jpeg"}],"twitter_card":"summary_large_image","twitter_misc":{"Dur\u00e9e de lecture estim\u00e9e":"4 minutes"},"schema":{"@context":"https:\/\/schema.org","@graph":[{"@type":"WebPage","@id":"https:\/\/oceantourshondarribia.com\/fr\/produit\/sortie-de-peche-de-8-heures\/","url":"https:\/\/oceantourshondarribia.com\/fr\/produit\/sortie-de-peche-de-8-heures\/","name":"Sortie de p\u00eache de 8 heures - Ocean Tours Hondarribia","isPartOf":{"@id":"https:\/\/oceantourshondarribia.com\/#website"},"primaryImageOfPage":{"@id":"https:\/\/oceantourshondarribia.com\/fr\/produit\/sortie-de-peche-de-8-heures\/#primaryimage"},"image":{"@id":"https:\/\/oceantourshondarribia.com\/fr\/produit\/sortie-de-peche-de-8-heures\/#primaryimage"},"thumbnailUrl":"https:\/\/oceantourshondarribia.com\/wp-content\/uploads\/2024\/04\/Ocean-Tours-Hondarribia-pesca8.jpg","datePublished":"2024-04-26T14:20:32+00:00","dateModified":"2024-05-19T14:59:10+00:00","breadcrumb":{"@id":"https:\/\/oceantourshondarribia.com\/fr\/produit\/sortie-de-peche-de-8-heures\/#breadcrumb"},"inLanguage":"fr-FR","potentialAction":[{"@type":"ReadAction","target":["https:\/\/oceantourshondarribia.com\/fr\/produit\/sortie-de-peche-de-8-heures\/"]}]},{"@type":"ImageObject","inLanguage":"fr-FR","@id":"https:\/\/oceantourshondarribia.com\/fr\/produit\/sortie-de-peche-de-8-heures\/#primaryimage","url":"https:\/\/oceantourshondarribia.com\/wp-content\/uploads\/2024\/04\/Ocean-Tours-Hondarribia-pesca8.jpg","contentUrl":"https:\/\/oceantourshondarribia.com\/wp-content\/uploads\/2024\/04\/Ocean-Tours-Hondarribia-pesca8.jpg","width":1600,"height":1067,"caption":"Ocean Tours Hondarribia - Rutas en barco para pescar"},{"@type":"BreadcrumbList","@id":"https:\/\/oceantourshondarribia.com\/fr\/produit\/sortie-de-peche-de-8-heures\/#breadcrumb","itemListElement":[{"@type":"ListItem","position":1,"name":"Portada","item":"https:\/\/oceantourshondarribia.com\/fr\/"},{"@type":"ListItem","position":2,"name":"Boutique","item":"https:\/\/oceantourshondarribia.com\/tienda\/"},{"@type":"ListItem","position":3,"name":"Sortie de p\u00eache de 8 heures"}]},{"@type":"WebSite","@id":"https:\/\/oceantourshondarribia.com\/#website","url":"https:\/\/oceantourshondarribia.com\/","name":"Ocean Tours Hondarribia","description":"Rutas en barco por la costa vasca","publisher":{"@id":"https:\/\/oceantourshondarribia.com\/#organization"},"potentialAction":[{"@type":"SearchAction","target":{"@type":"EntryPoint","urlTemplate":"https:\/\/oceantourshondarribia.com\/?s={search_term_string}"},"query-input":{"@type":"PropertyValueSpecification","valueRequired":true,"valueName":"search_term_string"}}],"inLanguage":"fr-FR"},{"@type":"Organization","@id":"https:\/\/oceantourshondarribia.com\/#organization","name":"Ocean Tours Hondarribia","url":"https:\/\/oceantourshondarribia.com\/","logo":{"@type":"ImageObject","inLanguage":"fr-FR","@id":"https:\/\/oceantourshondarribia.com\/#\/schema\/logo\/image\/","url":"https:\/\/oceantourshondarribia.com\/wp-content\/uploads\/2024\/04\/Logos-Ocean-Tours-Hondarribia-01.png","contentUrl":"https:\/\/oceantourshondarribia.com\/wp-content\/uploads\/2024\/04\/Logos-Ocean-Tours-Hondarribia-01.png","width":3803,"height":1396,"caption":"Ocean Tours Hondarribia"},"image":{"@id":"https:\/\/oceantourshondarribia.com\/#\/schema\/logo\/image\/"},"sameAs":["https:\/\/www.facebook.com\/profile.php?id=61558781386255","https:\/\/www.instagram.com\/oceantours_hondarribia\/"]}]}},"_links":{"self":[{"href":"https:\/\/oceantourshondarribia.com\/fr\/wp-json\/wp\/v2\/product\/3013","targetHints":{"allow":["GET"]}}],"collection":[{"href":"https:\/\/oceantourshondarribia.com\/fr\/wp-json\/wp\/v2\/product"}],"about":[{"href":"https:\/\/oceantourshondarribia.com\/fr\/wp-json\/wp\/v2\/types\/product"}],"wp:featuredmedia":[{"embeddable":true,"href":"https:\/\/oceantourshondarribia.com\/fr\/wp-json\/wp\/v2\/media\/2471"}],"wp:attachment":[{"href":"https:\/\/oceantourshondarribia.com\/fr\/wp-json\/wp\/v2\/media?parent=3013"}],"wp:term":[{"taxonomy":"product_brand","embeddable":true,"href":"https:\/\/oceantourshondarribia.com\/fr\/wp-json\/wp\/v2\/product_brand?post=3013"},{"taxonomy":"product_cat","embeddable":true,"href":"https:\/\/oceantourshondarribia.com\/fr\/wp-json\/wp\/v2\/product_cat?post=3013"},{"taxonomy":"product_tag","embeddable":true,"href":"https:\/\/oceantourshondarribia.com\/fr\/wp-json\/wp\/v2\/product_tag?post=3013"}],"curies":[{"name":"wp","href":"https:\/\/api.w.org\/{rel}","templated":true}]}}